{"id":958,"date":"2021-09-21T10:07:10","date_gmt":"2021-09-21T10:07:10","guid":{"rendered":"https:\/\/gonzagarredi.com\/?page_id=958"},"modified":"2021-11-22T13:42:28","modified_gmt":"2021-11-22T13:42:28","slug":"qualita","status":"publish","type":"page","link":"https:\/\/www.gonzagarredi.com\/it\/azienda\/qualita\/","title":{"rendered":"Qualit\u00e0"},"content":{"rendered":"\n<h1>\n\t\tQualit\u00e0\n\t<\/h1>\n<p>Lo spazio dei servizi per l&#8217;infanzia parla delle scelte pedagogiche ed educative che l\u00ec si compiono e si rinnovano.<\/p>\n\t<nav aria-label=\"breadcrumbs\"><p><a href=\"https:\/\/www.gonzagarredi.com\/it\/\">GAM<\/a> &#8211; <a href=\"https:\/\/www.gonzagarredi.com\/it\/azienda\/\">Azienda<\/a> &#8211; Qualit\u00e0<\/p><\/nav><h2>\n\t\tDettagli e finiture\n\t<\/h2>\n\t<p>Lo spazio dei servizi per l&#8217;infanzia parla delle scelte pedagogiche ed educative che l\u00ec si compiono e si rinnovano. Comunica significati, suggerisce comportamenti, trasmette messaggi ai bambini, ai genitori e a tutti coloro che vogliono conoscere quanto l\u00ec avviene e si propone. La distribuzione dello spazio e il suo allestimento ci permettono di definire se si ha cura nell&#8217;accogliere ogni giorno bambini e genitori in un luogo pensato per loro, caldo, accogliente, esteticamente bello e armonioso.<\/p>\n<h3>\n\t\tBordi arrotondati\n\t<\/h3>\n\t<p>Bordi arrotondati e gambe a sezione cilindrica per i tavoli della linea infanzia, per prevenire i traumi<\/p>\n<h3>\n\t\tLettini\n\t<\/h3>\n\t<p>Lettini accessibili direttamente dai bambini, a prova di caduta<\/p>\n<h3>\n\t\tColori\n\t<\/h3>\n\t<p>Dettagli colorati per rendere gli ambienti pi\u00f9 piacevoli<\/p>\n<h3>\n\t\tDettagli\n\t<\/h3>\n\t<p>Dettagli colorati per rendere gli ambienti pi\u00f9 piacevoli<\/p>\n<h3>\n\t\tTavoli\n\t<\/h3>\n\t<p>Tavoli per la manipolazione ergonomici: i bambini accedono senza difficolt\u00e0 alla vaschetta centrale<\/p>\n<h3>\n\t\tMobili regolabili\n\t<\/h3>\n\t<p>Piedini regolabili dei mobili, per annullare le imperfezioni del pavimento<\/p>\n<h3>\n\t\tMovimenti sicuri\n\t<\/h3>\n\t<p>I piedini e le manine dei bambini non affondano negli elementi morbidi, ma sono sostenuti da materiali di consistenza adeguata, che permettono movimenti sicuri e mantenimento dell&#8217;equilibrio<\/p>\n<h3>\n\t\tScompartimenti\n\t<\/h3>\n\t<p>All&#8217;interno dei cassetti del fasciatoio ogni bambino dispone di uno scompartimento individuale per gli indumenti di ricambio<\/p>\n<h3>\n\t\tRuote\n\t<\/h3>\n\t<p>I mobili possono essere dotati di ruote con freno, che garantiscono la massima sicurezza<\/p>\n<h3>\n\t\tBordi\n\t<\/h3>\n\t<p>Anche nelle sedie i bordi sono arrotondati e il legno non presenta scabrosit\u00e0<\/p>\n<h3>\n\t\tScale\n\t<\/h3>\n\t<p>La scaletta del fasciatoio \u00e8 estraibile e i gradini sono dotati di copertura antiscivolo<\/p>\n<h3>\n\t\tErgonomia\n\t<\/h3>\n\t<p>Pomoli delle ante ergonomici<\/p>\n<h3>\n\t\tSicurezza\n\t<\/h3>\n\t<p>Innesto diretto della gamba al piano del tavolo, che evita pericolosi ingombri sottopiano<\/p>\n<h3>\n\t\tCassetti\n\t<\/h3>\n\t<p>Nei fasciatoi i cassetti sono scorrevoli, per facilitare il lavoro delle educatrici al momento del cambio<\/p>\n<h3>\n\t\tManiglie\n\t<\/h3>\n\t<p>Maniglie ergonomiche antitrauma, disponibili per tutti i contenitori in ambienti 0-6 anni<\/p>\n<h3>\n\t\tApertura scorrevole\n\t<\/h3>\n\t<p>Sipario scorrevole per il teatrino<\/p>\n<h3>\n\t\tBordi\n\t<\/h3>\n\t<p>Nei divisori i bordi e gli angoli sono arrotondati<\/p>\n<h3>\n\t\tPersonalizzazioni\n\t<\/h3>\n\t<p>Le ante dei mobiletti spogliatoio sono personalizzabili<\/p>\n<h3>\n\t\tSicurezza\n\t<\/h3>\n\t<p>La scaletta si aggancia in modo sicuro al fasciatoio<\/p>\n\t\t\t\t<img loading=\"lazy\" src=\"https:\/\/www.gonzagarredi.com\/wp-content\/uploads\/2021\/05\/quotes_edit.png\" alt=\"quotes_edit\" itemprop=\"image\" height=\"74\" width=\"100\" title=\"quotes_edit\" onerror=\"this.style.display='none'\"  \/>\n\t<p>I bambini sono tuttora il simbolo dell&#8217;eterno matrimonio tra l&#8217;amore e il dovere<\/p>\n<h4>\n\t\tGeorge Eliot, Romola, 1863\n\t<\/h4>\n\t<p>partnership<\/p>\n<h3>\n\t\tPartnership\n\t<\/h3>\n\t<p>Lorem ipsum dolor sit amet, consectetur adipiscing elit. Aenean euismod bibendum laoreet. Proin gravida dolor sit amet lacus.<\/p>\n\t\t\t<a href=\"https:\/\/www.gonzagarredi.com\/it\/azienda\/chi-siamo\/partnership\/\" target=\"_self\" role=\"button\" rel=\"noopener\">\n\t\t\t\t\t\t\tScopri di pi\u00f9\n\t\t\t<\/a>\n\t\t\t\t<img loading=\"lazy\" src=\"https:\/\/www.gonzagarredi.com\/wp-content\/uploads\/2021\/05\/chi-siamo-partner-uno-300x172.png\" alt=\"chi-siamo-partner-uno\" itemprop=\"image\" height=\"172\" width=\"300\" title=\"chi-siamo-partner-uno\" onerror=\"this.style.display='none'\"  \/>\n\t\t\t\t<img loading=\"lazy\" src=\"https:\/\/www.gonzagarredi.com\/wp-content\/uploads\/2021\/05\/chi-siamo-partner-due.png\" alt=\"chi-siamo-partner-due\" itemprop=\"image\" height=\"234\" width=\"144\" title=\"chi-siamo-partner-due\" onerror=\"this.style.display='none'\"  \/>\n\t\t\t\t<img loading=\"lazy\" src=\"https:\/\/www.gonzagarredi.com\/wp-content\/uploads\/2021\/05\/chi-siamo-partner-tre.jpg\" alt=\"chi-siamo-partner-tre\" itemprop=\"image\" height=\"270\" width=\"119\" title=\"chi-siamo-partner-tre\" onerror=\"this.style.display='none'\"  \/>\n\n","protected":false},"excerpt":{"rendered":"<p>Qualit\u00e0 Lo spazio dei servizi per l&#8217;infanzia parla delle scelte pedagogiche ed educative che l\u00ec si compiono e si rinnovano. GAM &#8211; Azienda &#8211; Qualit\u00e0 Dettagli e finiture Lo spazio dei servizi per l&#8217;infanzia parla delle scelte pedagogiche ed educative che l\u00ec si compiono e si rinnovano. Comunica significati, suggerisce comportamenti, trasmette messaggi ai bambini, [&hellip;]<\/p>\n","protected":false},"author":10,"featured_media":0,"parent":954,"menu_order":0,"comment_status":"closed","ping_status":"closed","template":"","meta":[],"acf":[],"_links":{"self":[{"href":"https:\/\/www.gonzagarredi.com\/it\/wp-json\/wp\/v2\/pages\/958"}],"collection":[{"href":"https:\/\/www.gonzagarredi.com\/it\/wp-json\/wp\/v2\/pages"}],"about":[{"href":"https:\/\/www.gonzagarredi.com\/it\/wp-json\/wp\/v2\/types\/page"}],"author":[{"embeddable":true,"href":"https:\/\/www.gonzagarredi.com\/it\/wp-json\/wp\/v2\/users\/10"}],"replies":[{"embeddable":true,"href":"https:\/\/www.gonzagarredi.com\/it\/wp-json\/wp\/v2\/comments?post=958"}],"version-history":[{"count":13,"href":"https:\/\/www.gonzagarredi.com\/it\/wp-json\/wp\/v2\/pages\/958\/revisions"}],"predecessor-version":[{"id":2928,"href":"https:\/\/www.gonzagarredi.com\/it\/wp-json\/wp\/v2\/pages\/958\/revisions\/2928"}],"up":[{"embeddable":true,"href":"https:\/\/www.gonzagarredi.com\/it\/wp-json\/wp\/v2\/pages\/954"}],"wp:attachment":[{"href":"https:\/\/www.gonzagarredi.com\/it\/wp-json\/wp\/v2\/media?parent=958"}],"curies":[{"name":"wp","href":"https:\/\/api.w.org\/{rel}","templated":true}]}}