{"id":954,"date":"2021-09-21T09:31:54","date_gmt":"2021-09-21T09:31:54","guid":{"rendered":"https:\/\/gonzagarredi.com\/?page_id=954"},"modified":"2025-01-22T09:57:01","modified_gmt":"2025-01-22T08:57:01","slug":"azienda","status":"publish","type":"page","link":"https:\/\/www.gonzagarredi.com\/it\/azienda\/","title":{"rendered":"Azienda"},"content":{"rendered":"\r\n<h1>Azienda<\/h1>\r\n<p>Gonzagarredi ha arredato migliaia di asili nido e scuole dell&#8217;infanzia, scuole dell&#8217;obbligo e biblioteche di ogni titolarit\u00e0, in Italia e nel mondo.<\/p>\r\n<h2>GAM GonzagArredi Montessori<\/h2>\r\n<p>La sede operativa GAM \u00e8 moderna, luminosa e accogliente. Il grande open space riflette le modalit\u00e0 di lavoro: confronto, relazioni, ricerca di positiva innovazione.<\/p>\r\n<h5><a title=\"Scopri chi siamo\" href=\"https:\/\/www.gonzagarredi.com\/it\/azienda\/chi-siamo\/\" target=\"_self\" rel=\"noopener\"> Scopri chi siamo <\/a><\/h5>\r\n<p><img loading=\"lazy\" title=\"GAM-azienda\" src=\"https:\/\/www.gonzagarredi.com\/wp-content\/uploads\/2021\/12\/GAM-azienda.jpg\" alt=\"Sede GAM\" width=\"1090\" height=\"704\" \/> <img loading=\"lazy\" title=\"GAM-brand-iM\" src=\"https:\/\/www.gonzagarredi.com\/wp-content\/uploads\/2022\/03\/GAM-brand-iM-1.jpg\" alt=\"GAM brand of iM\" width=\"1040\" height=\"770\" \/><\/p>\r\n<h2>Il Gruppo<\/h2>\r\n<p>GAM appartiene al gruppo <strong>i&#8217;M<\/strong>\u00a0di cui fanno parte anche le aziende\u00a0<strong><a href=\"https:\/\/www.imilani.com\/it\/\" target=\"_blank\" rel=\"noopener\">IMILANI<\/a><\/strong>\u00a0e\u00a0<strong><a href=\"https:\/\/www.anicrin.com\/\" target=\"_blank\" rel=\"noopener\">ANICRIN<\/a><\/strong>.<\/p>\r\n<h2>Arredi GAM<\/h2>\r\n<p>Immaginiamo e costruiamo ambienti di apprendimento aperti, interconnessi e creativi.<\/p>\r\n<h2>Baby Life<\/h2>\r\n<h4><a title=\"Scopri il progetto\" href=\"https:\/\/www.gonzagarredi.com\/it\/progetti\/nidi-e-scuole-per-linfanzia\/milano-baby-life\/\" target=\"_self\" rel=\"noopener\"> Scopri il progetto <\/a><\/h4>\r\n<h2>Exup\u00e9ry International School<\/h2>\r\n<h4><a title=\"Scopri il progetto\" href=\"https:\/\/www.gonzagarredi.com\/it\/progetti\/nidi-e-scuole-per-linfanzia\/pinki-exupery-kindergarten\/\" target=\"_self\" rel=\"noopener\"> Scopri il progetto <\/a><\/h4>\r\n<h2>Guastala Iride<\/h2>\r\n<h4><a title=\"Scopri il progetto\" href=\"https:\/\/www.gonzagarredi.com\/it\/progetti\/nidi-e-scuole-per-linfanzia\/guastalla-iride\/\" target=\"_self\" rel=\"noopener\"> Scopri il progetto <\/a><\/h4>\r\n<h2>Martignano<\/h2>\r\n<h4><a title=\"Scopri il progetto\" href=\"https:\/\/www.gonzagarredi.com\/it\/progetti\/nidi-e-scuole-per-linfanzia\/martignano-nido\/\" target=\"_self\" rel=\"noopener\"> Scopri il progetto <\/a><\/h4>\r\n<h2>Pietraporzia<\/h2>\r\n<h4><a title=\"Scopri il progetto\" href=\"https:\/\/www.gonzagarredi.com\/it\/progetti\/nidi-e-scuole-per-linfanzia\/frascati-pietraporzia\/\" target=\"_self\" rel=\"noopener\"> Scopri il progetto <\/a><\/h4>\r\n<h3>Il nostro approccio<\/h3>\r\n<p>Le\u00a0<strong>soluzioni offerte sono personalizzate<\/strong>\u00a0in base alle esigenze del cliente: dal primo contatto al montaggio degli arredi, Gonzagarredi\u00a0segue i suoi clienti in ogni momento.<\/p>\r\n<h5><a title=\"scopri di pi\u00f9\" href=\"https:\/\/www.gonzagarredi.com\/it\/azienda\/il-nostro-approccio\/\" target=\"_self\" rel=\"noopener\"> scopri di pi\u00f9 <\/a><\/h5>\r\n<h3>I nostri servizi<\/h3>\r\n<p>GAM offre il miglior <strong>servizio di progettazione<\/strong>. Ascolto delle esigenze, analisi del contesto, disegno accurato degli spazi, cura dei particolari.<\/p>\r\n<h5><a title=\"scopri di pi\u00f9\" href=\"https:\/\/www.gonzagarredi.com\/it\/azienda\/servizi\/\" target=\"_self\" rel=\"noopener\"> scopri di pi\u00f9 <\/a><\/h5>\r\n<h3>Le nostre certificazioni<\/h3>\r\n<p>I nostri prodotti sono conformi alle pi\u00f9 recenti norme tecniche del settore in vigore: vernici e coloranti atossici, contenuto di formaldeide in Classe E1, su richiesta arredi lignei in Classe 1, elementi morbidi in Classe 1IM, come da D.M. 16 luglio 2014. Sono testati con esito positivo sulla sicurezza, la resistenza e la tossicit\u00e0 in laboratori accreditati.<\/p>\r\n<h5><a title=\"scopri di pi\u00f9\" href=\"https:\/\/www.gonzagarredi.com\/it\/azienda\/certificazioni\/\" target=\"_self\" rel=\"noopener\"> scopri di pi\u00f9 <\/a><\/h5>\r\n<h3>Qualit\u00e0 certificata<\/h3>\r\n<p>Lo spazio dei servizi per l&#8217;infanzia parla delle scelte pedagogiche ed educative che l\u00ec si compiono e si rinnovano. Comunica significati, suggerisce comportamenti, trasmette messaggi ai bambini, ai genitori e a tutti coloro che vogliono conoscere quanto l\u00ec avviene e si propone.<\/p>\r\n<p>La distribuzione dello spazio e il suo allestimento ci permettono di definire se si ha cura nell&#8217;accogliere ogni giorno bambini e genitori in un luogo pensato per loro, caldo, accogliente, esteticamente bello e armonioso.<\/p>\r\n<h5><a title=\"scopri di pi\u00f9\" href=\"https:\/\/www.gonzagarredi.com\/it\/azienda\/qualita\/\" target=\"_self\" rel=\"noopener\"> scopri di pi\u00f9 <\/a><\/h5>\r\n<h3>MePa<\/h3>\r\n<p>Gonzagarredi Montessori \u00e8 inscritta al\u00a0<a href=\"https:\/\/www.acquistinretepa.it\/\" target=\"_blank\" rel=\"noopener\">Mercato Elettronico (MePa)<\/a>\u00a0CONSIP e in numerose piattaforme elettroniche della P.A.\u00a0<strong>GAM<\/strong>\u00a0offre il miglior servizio di progettazione del mercato, con uno studio accurato degli spazi rappresentato in planimetrie dettagliate e in immagini 3D.<\/p>\r\n<h5><a title=\"scopri di pi\u00f9\" href=\"https:\/\/www.gonzagarredi.com\/it\/azienda\/bandi-e-finanziamenti\/\" target=\"_self\" rel=\"noopener\"> scopri di pi\u00f9 <\/a><\/h5>\r\n<h3>Eventi e novit\u00e0<\/h3>\r\n<p>Vieni a trovarci in fiera per scoprire e toccare con mano la qualit\u00e0 ed il design dei prodotti GAM!<\/p>\r\n<h5><a title=\"scopri di pi\u00f9\" href=\"https:\/\/www.gonzagarredi.com\/it\/azienda\/eventi-novita\/\" target=\"_self\" rel=\"noopener\"> scopri di pi\u00f9 <\/a><\/h5>\r\n<p><img loading=\"lazy\" title=\"quotes_edit\" src=\"https:\/\/www.gonzagarredi.com\/wp-content\/uploads\/2021\/05\/quotes_edit.png\" alt=\"quotes_edit\" width=\"100\" height=\"74\" \/><\/p>\r\n<p>Per aiutare un bambino, dobbiamo fornirgli un ambiente che gli consenta di svilupparsi liberamente.<\/p>\r\n<h4>Maria Montessori<\/h4>\r\n<p>cataloghi<\/p>\r\n<h3>Cataloghi<\/h3>\r\n<p>Scarica i cataloghi GAM per Scuole, biblioteche e ambienti di apprendimento<\/p>\r\n<p><a role=\"button\" href=\"https:\/\/www.gonzagarredi.com\/it\/azienda\/cataloghi\/\" target=\"_self\" rel=\"noopener\"> sfoglia il catalogo <\/a><\/p>\r\n","protected":false},"excerpt":{"rendered":"<p>Azienda Gonzagarredi ha arredato migliaia di asili nido e scuole dell&#8217;infanzia, scuole dell&#8217;obbligo e biblioteche di ogni titolarit\u00e0, in Italia e nel mondo. GAM GonzagArredi Montessori La sede operativa GAM \u00e8 moderna, luminosa e accogliente. Il grande open space riflette le modalit\u00e0 di lavoro: confronto, relazioni, ricerca di positiva innovazione. Scopri chi siamo Il Gruppo [&hellip;]<\/p>\n","protected":false},"author":10,"featured_media":0,"parent":0,"menu_order":0,"comment_status":"closed","ping_status":"closed","template":"","meta":[],"acf":[],"_links":{"self":[{"href":"https:\/\/www.gonzagarredi.com\/it\/wp-json\/wp\/v2\/pages\/954"}],"collection":[{"href":"https:\/\/www.gonzagarredi.com\/it\/wp-json\/wp\/v2\/pages"}],"about":[{"href":"https:\/\/www.gonzagarredi.com\/it\/wp-json\/wp\/v2\/types\/page"}],"author":[{"embeddable":true,"href":"https:\/\/www.gonzagarredi.com\/it\/wp-json\/wp\/v2\/users\/10"}],"replies":[{"embeddable":true,"href":"https:\/\/www.gonzagarredi.com\/it\/wp-json\/wp\/v2\/comments?post=954"}],"version-history":[{"count":35,"href":"https:\/\/www.gonzagarredi.com\/it\/wp-json\/wp\/v2\/pages\/954\/revisions"}],"predecessor-version":[{"id":4861,"href":"https:\/\/www.gonzagarredi.com\/it\/wp-json\/wp\/v2\/pages\/954\/revisions\/4861"}],"wp:attachment":[{"href":"https:\/\/www.gonzagarredi.com\/it\/wp-json\/wp\/v2\/media?parent=954"}],"curies":[{"name":"wp","href":"https:\/\/api.w.org\/{rel}","templated":true}]}}