{"id":5172,"date":"2025-05-08T08:29:45","date_gmt":"2025-05-08T06:29:45","guid":{"rendered":"https:\/\/www.gonzagarredi.com\/?page_id=5172"},"modified":"2025-05-08T08:40:28","modified_gmt":"2025-05-08T06:40:28","slug":"gam-montessori-europe-congress-2025","status":"publish","type":"page","link":"https:\/\/www.gonzagarredi.com\/it\/azienda\/eventi-novita\/gam-montessori-europe-congress-2025\/","title":{"rendered":"GAM al Montessori Europe Congress 2025"},"content":{"rendered":"\r\n<div class='event-info-container'>\n                <div class='event-date'>09\/05 - 11\/05\/2025<\/div>\n                <div class='event-location'>Oslo<\/div>\n             <\/div> <!-- end event info container -->\r\n<h1>GAM al Montessori Europe Congress 2025<\/h1>\r\n<h2>Gam Al Montessori Europe Congress 2025 &#8211; Oslo, 9-11 maggio<\/h2>\r\n<p>Dal <strong data-start=\"159\" data-end=\"183\">9 all&#8217;11 maggio 2025<\/strong>, GAM \u00e8 presente al <strong data-start=\"204\" data-end=\"242\"><a href=\"https:\/\/www.montessori-europe.net\/montessori-europe-annual-congress\/\" target=\"_blank\" rel=\"noopener\">Montessori Europe Congress<\/a> di Oslo<\/strong>, uno degli eventi pi\u00f9 significativi per la comunit\u00e0 educativa internazionale che promuove un&#8217;<strong data-start=\"336\" data-end=\"395\">educazione consapevole, creativa e centrata sul bambino<\/strong>.<\/p>\r\n<p>All&#8217;interno dello spazio espositivo del nostro partner storico <strong data-start=\"461\" data-end=\"484\">Nienhuis Montessori<\/strong>, il nostro <strong data-start=\"496\" data-end=\"557\">Responsabile del Materiale Montessori, Michele Dal Trozzo<\/strong>, presenter\u00e0 una selezione dei <strong data-start=\"588\" data-end=\"616\">materiali Montessori GAM<\/strong>, <strong data-start=\"618\" data-end=\"637\">certificati AMI<\/strong> e progettati per stimolare <strong data-start=\"665\" data-end=\"715\">apprendimento, autonomia e sviluppo sensoriale<\/strong> attraverso l&#8217;esperienza diretta. Ogni materiale nasce dall&#8217;incontro tra tradizione montessoriana, ricerca pedagogica e design funzionale, per offrire strumenti concreti agli educatori di oggi.<\/p>\r\n<p><a role=\"button\" href=\"https:\/\/www.montessori-europe.net\/montessori-europe-annual-congress\/\" target=\"_self\" rel=\"noopener\"> Scopri il Congresso <\/a><\/p>\r\n<p>Durante il congresso, avremo l&#8217;occasione di presentare il nostro nuovo progetto educativo: <strong data-start=\"1057\" data-end=\"1087\">Montessori Nautilus School<\/strong>. Un&#8217;idea innovativa di <strong data-start=\"1111\" data-end=\"1174\">asilo nido e scuola dell&#8217;infanzia per bambini da 0 a 6 anni<\/strong>, pensata per creare <strong data-start=\"1195\" data-end=\"1244\">ambienti educativi belli, sicuri e stimolanti<\/strong>, capaci di sostenere lo sviluppo integrale di ogni bambino, in linea con i principi del metodo Montessori.<\/p>\r\n<p><a role=\"button\" href=\"https:\/\/www.gonzagarredi.com\/it\/progetti\/nidi-e-scuole-per-l-infanzia\/scuola-montessori-nautilus-asilo-infanzia\/\" target=\"_self\" rel=\"noopener\"> Scopri Montessori Nautilus School <\/a><\/p>\r\n<p>Ti aspettiamo al Montessori Europe Congress per condividere con te le nostre <strong data-start=\"1503\" data-end=\"1547\">soluzioni di arredo educativo Montessori<\/strong>, frutto di una lunga esperienza nel settore e di una continua ricerca sull&#8217;evoluzione degli spazi dell&#8217;apprendere. Vieni a trovarci per scoprire come trasformare la tua scuola o il tuo nido in un ambiente capace di ispirare, accogliere e valorizzare ogni bambino.<\/p>\r\n<p><em><strong>Montessori Europe Congress 2025<\/strong><\/em><br \/><em>09 &#8211; 11 maggio, Oslo<\/em><\/p>\r\n<p>&nbsp;<\/p>\r\n","protected":false},"excerpt":{"rendered":"<p>GAM al Montessori Europe Congress 2025 Gam Al Montessori Europe Congress 2025 &#8211; Oslo, 9-11 maggio Dal 9 all&#8217;11 maggio 2025, GAM \u00e8 presente al Montessori Europe Congress di Oslo, uno degli eventi pi\u00f9 significativi per la comunit\u00e0 educativa internazionale che promuove un&#8217;educazione consapevole, creativa e centrata sul bambino. All&#8217;interno dello spazio espositivo del nostro [&hellip;]<\/p>\n","protected":false},"author":9,"featured_media":5026,"parent":994,"menu_order":0,"comment_status":"closed","ping_status":"closed","template":"templates\/template-single-event.php","meta":[],"acf":[],"_links":{"self":[{"href":"https:\/\/www.gonzagarredi.com\/it\/wp-json\/wp\/v2\/pages\/5172"}],"collection":[{"href":"https:\/\/www.gonzagarredi.com\/it\/wp-json\/wp\/v2\/pages"}],"about":[{"href":"https:\/\/www.gonzagarredi.com\/it\/wp-json\/wp\/v2\/types\/page"}],"author":[{"embeddable":true,"href":"https:\/\/www.gonzagarredi.com\/it\/wp-json\/wp\/v2\/users\/9"}],"replies":[{"embeddable":true,"href":"https:\/\/www.gonzagarredi.com\/it\/wp-json\/wp\/v2\/comments?post=5172"}],"version-history":[{"count":5,"href":"https:\/\/www.gonzagarredi.com\/it\/wp-json\/wp\/v2\/pages\/5172\/revisions"}],"predecessor-version":[{"id":5182,"href":"https:\/\/www.gonzagarredi.com\/it\/wp-json\/wp\/v2\/pages\/5172\/revisions\/5182"}],"up":[{"embeddable":true,"href":"https:\/\/www.gonzagarredi.com\/it\/wp-json\/wp\/v2\/pages\/994"}],"wp:featuredmedia":[{"embeddable":true,"href":"https:\/\/www.gonzagarredi.com\/it\/wp-json\/wp\/v2\/media\/5026"}],"wp:attachment":[{"href":"https:\/\/www.gonzagarredi.com\/it\/wp-json\/wp\/v2\/media?parent=5172"}],"curies":[{"name":"wp","href":"https:\/\/api.w.org\/{rel}","templated":true}]}}