{"id":5156,"date":"2025-05-16T08:45:48","date_gmt":"2025-05-16T06:45:48","guid":{"rendered":"https:\/\/www.gonzagarredi.com\/?page_id=5156"},"modified":"2025-05-16T09:07:14","modified_gmt":"2025-05-16T07:07:14","slug":"gam-montessori-sports","status":"publish","type":"page","link":"https:\/\/www.gonzagarredi.com\/it\/azienda\/eventi-novita\/gam-montessori-sports\/","title":{"rendered":"GAM Montessori Sports 2025"},"content":{"rendered":"\n\n<div class='event-info-container'>\n                <div class='event-date'>31\/07\/2025 - 30\/10\/2025<\/div>\n                <div class='event-location'>Gonzaga, Italy<\/div>\n             <\/div> <!-- end event info container -->\n<h1>\n\t\tGAM Montessori Sports\n\t<\/h1>\n<h2>\n\t\t Corso e certificato sui fondamenti di Sport Montessori\n\t<\/h2>\n<p>&#8220;<em>Montessori Sports Fundamentals<\/em>&#8221; \u00e8 un corso accreditato dall&#8217;AMI, adatto a insegnanti e assistenti di classe Montessori, nonch\u00e9 ad altri insegnanti di scuole tradizionali, allenatori sportivi e genitori.<\/p>\n<p>Il corso insegna a integrare i principi Montessori nell&#8217;educazione sportiva per promuovere l&#8217;indipendenza, la fiducia in se stessi e un apprendimento basato sul movimento.<\/p>\n<p><em>Il corso \u00e8 organizzato da <a href=\"https:\/\/www.montessori-sports.com\/aboutus\" target=\"_blank\" rel=\"noopener\">Montessori Sports Nederlands<\/a> e GAM Gonzagarredi Montessori<\/em>.<\/p>\n\t\t\t\t<img loading=\"lazy\" src=\"https:\/\/www.gonzagarredi.com\/wp-content\/uploads\/2025\/05\/Montessori-Sports-Logo-short.png\" alt=\"Montessori Sports\" itemprop=\"image\" height=\"121\" width=\"304\" title=\"Montessori Sports\" onerror=\"this.style.display='none'\"  \/>\n\t\t\t<a href=\"https:\/\/shop.gonzagarredi.com\/it\/prodotto\/corso-montessori-sports-729\/\" target=\"_self\" role=\"button\" rel=\"noopener\">\n\t\t\t\t\t\t\tIscriviti\n\t\t\t\t\t<\/a>\n<h3>Dettagli del Corso<\/h3>\n\t<p><strong>Modalit\u00e0<\/strong><\/p>\n<p>Part-time<\/p>\n<p>Online e in presenza<\/p>\n\t<p><strong>A chi si rivolge?<\/strong><\/p>\n<p>Insegnanti e assistenti di classe, insegnanti di sport\/educazione fisica, allenatori sportivi e genitori<\/p>\n\t<p><strong>Durata<\/strong><\/p>\n<p>3 mesi<\/p>\n<p>31 luglio &#8211; 11 ottobre 2025<\/p>\n\t<p><strong>Format<\/strong><\/p>\n<p>Il corso (accessibile per 120 giorni) prevede:<\/p>\n<ul>\n<li>7 ore di contenuti video preregistrati<\/li>\n<li>5 questionari<\/li>\n<li>3 compiti di osservazione<\/li>\n<li>Compiti di auto-pratica<\/li>\n<li>1 elaborato finale<\/li>\n<\/ul>\n\t\t\t<a href=\"https:\/\/www.gonzagarredi.com\/wp-content\/uploads\/2025\/05\/GAM-Montessori-Sports-brochure-IT.pdf\" target=\"_self\" role=\"button\" rel=\"noopener\">\n\t\t\t\t\t\t\tDownload programma completo\n\t\t\t\t\t<\/a>\n\t<p><strong>Date incontri 2025<\/strong><\/p>\n<p>Il corso pu\u00f2 essere seguito autonomamente e aiuta ad acquisire le conoscenze di base su come integrare lo sport negli ambienti Montessori in tutti i livelli di sviluppo.<\/p>\n<p>Il corso prevede <strong>4 sessioni live con i formatori<\/strong>:<\/p>\n<p><strong>Kick-Off<\/strong><\/p>\n<p><strong>31 luglio<\/strong> ore 17:00 &#8211; 19:00<\/p>\n<p>Online su Zoom<\/p>\n<p><strong>Q&amp;A<\/strong><\/p>\n<p><strong>28 agosto<\/strong> ore 17:00 &#8211; 19:00 CET<\/p>\n<p>Online su Zoom<\/p>\n<p><strong>Preparazione all&#8217;esame<\/strong><\/p>\n<p><strong>18 settembre<\/strong> ore 17:00 &#8211; 19:00 CET<\/p>\n<p>Online su Zoom<\/p>\n<p><strong>Esame finale<\/strong><\/p>\n<p><strong>11 ottobre<\/strong><\/p>\n<p>Sede GAM Gonzagarredi Montessori, Gonzaga (MN)<\/p>\n<p><em>L&#8217;esame finale consiste in una <strong data-start=\"3275\" data-end=\"3316\">presentazione di un&#8217;attivit\u00e0 sportiva<\/strong> a un gruppo di bambini o a un singolo bambino. Inoltre, dovrai scrivere un <strong data-start=\"3392\" data-end=\"3405\">elaborato<\/strong> che spieghi come la teoria Montessori si applica a quell&#8217;attivit\u00e0.<\/em><\/p>\n\t\t\t<a href=\"https:\/\/shop.gonzagarredi.com\/it\/prodotto\/corso-montessori-sports-729\/\" target=\"_self\" role=\"button\" rel=\"noopener\">\n\t\t\t\t\t\t\tIscriviti\n\t\t\t\t\t<\/a>\n<h3>Il programma<\/h3>\n\t<ul>\n<li data-start=\"2507\" data-end=\"2610\">\nIntroduzione\n<\/li>\n<li data-start=\"2507\" data-end=\"2610\">\nL&#8217;importanza dello sport nella societ\u00e0 contemporanea\n<\/li>\n<li data-start=\"2507\" data-end=\"2610\">\nSistemi di educazione sportiva\n<\/li>\n<li data-start=\"2507\" data-end=\"2610\">\nLo sviluppo del movimento\n<\/li>\n<li data-start=\"2507\" data-end=\"2610\">\nPreparazione all&#8217;ambiente sportivo\n<\/li>\n<li data-start=\"2507\" data-end=\"2610\">Il ruolo dell&#8217;adulto nell&#8217;ambiente sportivo<\/li>\n<\/ul>\n<p>&nbsp;<\/p>\n\t\t\t\t<a href=\"https:\/\/www.gonzagarredi.com\/wp-content\/uploads\/2025\/05\/GAM-Montessori-Sports-brochure-IT.pdf\" target=\"_self\" itemprop=\"url\" rel=\"noopener\">\n\t\t\t\t<img loading=\"lazy\" src=\"https:\/\/www.gonzagarredi.com\/wp-content\/uploads\/2025\/05\/Fundamentals-course-300x300.jpg\" alt=\"Fundamentals course\" itemprop=\"image\" height=\"300\" width=\"300\" title=\"Fundamentals course\" onerror=\"this.style.display='none'\"  \/>\n\t\t\t\t<\/a>\n\t\t\t<a href=\"https:\/\/www.gonzagarredi.com\/wp-content\/uploads\/2025\/05\/GAM-Montessori-Sports-brochure-IT.pdf\" target=\"_self\" role=\"button\" rel=\"noopener\">\n\t\t\t\t\t\t\tDownload programma completo\n\t\t\t\t\t<\/a>\n<h3>Quali competenze posso acquisire durante il corso?<\/h3>\n\t<ul>\n<li data-start=\"2507\" data-end=\"2610\">\nComprendere la connessione tra sport ed educazione Montessori attraverso tutti i piani di sviluppo.\n<\/li>\n<li data-start=\"2611\" data-end=\"2701\">\nComprendere come lo sport contribuisca allo sviluppo globale del bambino in ogni fase.\n<\/li>\n<li data-start=\"2702\" data-end=\"2766\">\nAcquisire abilit\u00e0 sportive di base da presentare ai bambini.\n<\/li>\n<li data-start=\"2767\" data-end=\"2828\">\nPreparare ambienti sportivi secondo il metodo Montessori.\n<\/li>\n<li data-start=\"2829\" data-end=\"2870\">\nCondurre sessioni di sport Montessori.\n<\/li>\n<li data-start=\"2871\" data-end=\"2938\">\nCondurre osservazioni sui bambini durante le sessioni sportive.\n<\/li>\n<\/ul>\n\t\t\t<img loading='false' src=\"https:\/\/www.gonzagarredi.com\/wp-content\/uploads\/2025\/05\/Copy-of-MF-KID-WITH-BALL-3-scaled.jpg\" alt=\"\" \/>\t\t\t\n\t\t\t<img loading='false' src=\"https:\/\/www.gonzagarredi.com\/wp-content\/uploads\/2025\/05\/DSC_0220-scaled.jpg\" alt=\"\" \/>\t\t\t\n\t\t\t<img loading='false' src=\"https:\/\/www.gonzagarredi.com\/wp-content\/uploads\/2025\/05\/DSC_0588-scaled.jpg\" alt=\"\" \/>\t\t\t\n\t\t\t<img loading='false' src=\"https:\/\/www.gonzagarredi.com\/wp-content\/uploads\/2025\/05\/Copy-of-MF-KID4-scaled.jpg\" alt=\"\" \/>\t\t\t\n\t\t\t<img loading='false' src=\"https:\/\/www.gonzagarredi.com\/wp-content\/uploads\/2025\/05\/DSC_0157-scaled.jpg\" alt=\"\" \/>\t\t\t\n<h2>\n\t\tCertificazione\n\t<\/h2>\n\tPer ottenere il <strong data-start=\"3532\" data-end=\"3578\">certificato Montessori Sports Fundamentals<\/strong>, tutti i compiti dovranno essere <strong data-start=\"3612\" data-end=\"3638\">verificati e approvati<\/strong>* dal team di Montessori Sports.\nDopo l&#8217;approvazione finale, il partecipante ricever\u00e0 il <strong>certificato<\/strong> via email.\n<em>*Se i compiti non verranno approvati, il partecipante dovr\u00e0 completare un compito alternativo che sar\u00e0 inviato via email.<\/em>\n<h3>Quota di partecipazione<\/h3>\n\t<p>La quota per la partecipazione al corso Montessori Sports 2025 \u00e8 pari a <strong>\u20ac 550,00<\/strong>.<\/p>\n<p>Quota ridotta per:<\/p>\n<ul>\n<li><strong>Early bird<\/strong>: 10% di sconto per iscrizioni entro il 30\/06\/2025<\/li>\n<li><strong>Studenti attualmente iscritti ai corsi AMI<\/strong>: 20% di sconto sulla quota di iscrizione.\u00a0<em>Per richiedere il codice sconto, inviare una mail a: montessori@gonzagarredi.it<\/em><\/li>\n<\/ul>\n<p><em>Il corso verr\u00e0 attivato con un minimo di 15 partecipanti.<\/em><\/p>\n\t\t\t<a href=\"https:\/\/shop.gonzagarredi.com\/it\/prodotto\/corso-montessori-sports-729\/\" target=\"_self\" role=\"button\" rel=\"noopener\">\n\t\t\t\t\t\t\tIscriviti\n\t\t\t\t\t<\/a>\n<h2>\n\t\tTestimonianze\n\t<\/h2>\n\t\t\t<img loading='false' src=\"https:\/\/www.gonzagarredi.com\/wp-content\/uploads\/2025\/05\/GEPOST.jpg\" alt=\"\" \/>\t\t\t\n\t\t\t\t<h2>Smriti (India)<\/h2>\n<p>Questo \u00e8 il mio primo corso Montessori e essere esposta all&#8217;idea dei piani di sviluppo, della mente assorbente e delle osservazioni \u00e8 stato per me come un risveglio. Inoltre, questo corso in particolare ha integrato l&#8217;amore per lo sport con l&#8217;idea di offrire la migliore educazione possibile ai miei figli nella prima infanzia.<\/p>\n<img loading='false' src=\"https:\/\/www.gonzagarredi.com\/wp-content\/uploads\/2025\/05\/GEPOST.jpg\" alt=\"\" \/>\t\t\t\n\t\t\t<img loading='false' src=\"https:\/\/www.gonzagarredi.com\/wp-content\/uploads\/2025\/05\/Photo-21-9-18-12-38-16-pm-768x1024.jpg\" alt=\"\" \/>\t\t\t\n\t\t\t\t<h2>Joel (Brasile)<\/h2>\n<p>Questo corso \u00e8 stato utile in ogni aspetto. \u00c8 difficile dire se un principio Montessori mi abbia influenzato pi\u00f9 di un altro. Tutto in questo corso mi ha influenzato, in particolare il modo in cui preparer\u00f2 le mie lezioni e come mi comporter\u00f2 durante esse. Dalla preparazione dell&#8217;ambiente sportivo all&#8217;osservazione, sono strumenti inestimabili che mi aiuteranno enormemente.<\/p>\n<p>Implementare il paradigma centrato sul giocatore sar\u00e0 una sfida, ma cercher\u00f2 sicuramente di integrarlo nelle mie lezioni perch\u00e9, in fin dei conti, i bambini sono l&#8217;aspetto pi\u00f9 importante dello sport.<\/p>\n<p>Questo corso mi ha dato la motivazione necessaria per creare e implementare un curriculum Montessori Sports per bambini dai 3 ai 10 anni. Senza dubbio, sar\u00f2 un altro promotore, pienamente impegnato a diffondere Montessori Sports al meglio delle mie capacit\u00e0.<\/p>\n<img loading='false' src=\"https:\/\/www.gonzagarredi.com\/wp-content\/uploads\/2025\/05\/Photo-21-9-18-12-38-16-pm-768x1024.jpg\" alt=\"\" \/>\t\t\t\n\t\t\t<img loading='false' src=\"https:\/\/www.gonzagarredi.com\/wp-content\/uploads\/2025\/05\/IMG_1545-768x1024.jpg\" alt=\"\" \/>\t\t\t\n\t\t\t\t<h2>Sonia (India)<\/h2>\n<p>Il corso Montessori Sports \u00e8 un&#8217;esperienza trasformativa che integra magnificamente l&#8217;educazione fisica con i principi Montessori. Sottolinea il rispetto per il bambino, l&#8217;autodisciplina e il movimento con uno scopo, allineandosi perfettamente con la filosofia dello sviluppo olistico. Il corso offre indicazioni chiare e pratiche su come creare un ambiente sportivo preparato che favorisca autonomia, concentrazione e gioia nel movimento. Evidenzia anche l&#8217;importanza della motivazione intrinseca rispetto alla competizione. I formatori sono competenti, appassionati e profondamente rispettosi del metodo Montessori. Questo corso \u00e8 una risorsa preziosa per gli educatori che desiderano arricchire i propri ambienti con attivit\u00e0 fisiche significative e adatte allo sviluppo. Altamente consigliato!<\/p>\n<img loading='false' src=\"https:\/\/www.gonzagarredi.com\/wp-content\/uploads\/2025\/05\/IMG_1545-768x1024.jpg\" alt=\"\" \/>\t\t\t\n\t\t\t<img loading='false' src=\"https:\/\/www.gonzagarredi.com\/wp-content\/uploads\/2025\/05\/Eric-1024x768.jpg\" alt=\"\" \/>\t\t\t\n\t\t\t\t<h2>Divya (India)<\/h2>\n<p>Ci\u00f2 che mi ha influenzato maggiormente durante il corso Montessori Sports \u00e8 stato comprendere come il movimento sia profondamente connesso allo sviluppo globale del bambino &#8211; fisicamente, emotivamente e cognitivamente. Mi ha aiutato a vedere lo sport non solo come attivit\u00e0 fisica, ma come un&#8217;estensione significativa dell&#8217;approccio Montessori.<\/p>\n<img loading='false' src=\"https:\/\/www.gonzagarredi.com\/wp-content\/uploads\/2025\/05\/Eric-1024x768.jpg\" alt=\"\" \/>\t\t\t\n\t\t\t<img loading='false' src=\"https:\/\/www.gonzagarredi.com\/wp-content\/uploads\/2025\/05\/Football-02-1024x624.jpg\" alt=\"\" \/>\t\t\t\n\t\t\t\t<h2>Marcius (Brasile)<\/h2>\n<p>Approfondire i piani di sviluppo e come il movimento sia correlato allo sviluppo psicologico. Essere in grado di riconoscere e nominare, nella mia pratica, il ruolo dell&#8217;adulto, l&#8217;osservazione e il controllo dell&#8217;errore. Identificare nello sport quando \u00e8 progettato da adulti per adulti e quando \u00e8 invece centrato sul bambino, piuttosto che basato sul paradigma dell&#8217;allenatore.<\/p>\n<img loading='false' src=\"https:\/\/www.gonzagarredi.com\/wp-content\/uploads\/2025\/05\/Football-02-1024x624.jpg\" alt=\"\" \/>\t\t\t\n\n","protected":false},"excerpt":{"rendered":"<p>GAM Montessori Sports Corso e certificato sui fondamenti di Sport Montessori &#8220;Montessori Sports Fundamentals&#8221; \u00e8 un corso accreditato dall&#8217;AMI, adatto a insegnanti e assistenti di classe Montessori, nonch\u00e9 ad altri insegnanti di scuole tradizionali, allenatori sportivi e genitori. Il corso insegna a integrare i principi Montessori nell&#8217;educazione sportiva per promuovere l&#8217;indipendenza, la fiducia in se [&hellip;]<\/p>\n","protected":false},"author":9,"featured_media":5206,"parent":994,"menu_order":0,"comment_status":"closed","ping_status":"closed","template":"templates\/template-single-event.php","meta":[],"acf":[],"_links":{"self":[{"href":"https:\/\/www.gonzagarredi.com\/it\/wp-json\/wp\/v2\/pages\/5156"}],"collection":[{"href":"https:\/\/www.gonzagarredi.com\/it\/wp-json\/wp\/v2\/pages"}],"about":[{"href":"https:\/\/www.gonzagarredi.com\/it\/wp-json\/wp\/v2\/types\/page"}],"author":[{"embeddable":true,"href":"https:\/\/www.gonzagarredi.com\/it\/wp-json\/wp\/v2\/users\/9"}],"replies":[{"embeddable":true,"href":"https:\/\/www.gonzagarredi.com\/it\/wp-json\/wp\/v2\/comments?post=5156"}],"version-history":[{"count":18,"href":"https:\/\/www.gonzagarredi.com\/it\/wp-json\/wp\/v2\/pages\/5156\/revisions"}],"predecessor-version":[{"id":5243,"href":"https:\/\/www.gonzagarredi.com\/it\/wp-json\/wp\/v2\/pages\/5156\/revisions\/5243"}],"up":[{"embeddable":true,"href":"https:\/\/www.gonzagarredi.com\/it\/wp-json\/wp\/v2\/pages\/994"}],"wp:featuredmedia":[{"embeddable":true,"href":"https:\/\/www.gonzagarredi.com\/it\/wp-json\/wp\/v2\/media\/5206"}],"wp:attachment":[{"href":"https:\/\/www.gonzagarredi.com\/it\/wp-json\/wp\/v2\/media?parent=5156"}],"curies":[{"name":"wp","href":"https:\/\/api.w.org\/{rel}","templated":true}]}}