{"id":5,"date":"2021-05-11T09:50:08","date_gmt":"2021-05-11T09:50:08","guid":{"rendered":"https:\/\/gonzagarredi.com\/?page_id=5"},"modified":"2024-05-21T15:36:59","modified_gmt":"2024-05-21T13:36:59","slug":"homepage","status":"publish","type":"page","link":"https:\/\/www.gonzagarredi.com\/it\/","title":{"rendered":"Homepage"},"content":{"rendered":"\n\n\t<p>chi siamo<\/p>\n<h1>\n\t\tArredamento Scuola, nido e biblioteca\n\t<\/h1>\n\t<p><em>Dal 1975 progettiamo soluzioni personalizzate di arredo per asili, scuole, biblioteche e centri culturali e produciamo materiale educativo Montessori con la supervisione e l&#8217;approvazione dell&#8217;Association Montessori Internationale.<\/em><\/p>\n\t\t\t<a href=\"https:\/\/www.gonzagarredi.com\/it\/progetti\/\" target=\"_self\" role=\"button\" rel=\"noopener\">\n\t\t\t\t\t\t\tScopri le nostre soluzioni\n\t\t\t\t\t<\/a>\n<h3>\n\t\tNidi e Scuole per l&#8217;infanzia\n\t<\/h3>\n\t<p>L&#8217;arredamento dello spazio nei nidi e nelle scuole dell&#8217;infanzia. Le essenze naturali e i colori di tipo desaturo costituiscono una scelta intenzionale per evitare una eccessiva intrusivit\u00e0 del colore nell&#8217;esperienza percettiva dei bambini.<\/p>\n\t\t\t<a href=\"https:\/\/www.gonzagarredi.com\/it\/progetti\/nidi-e-scuole-per-l-infanzia\/\" target=\"_self\" role=\"button\" rel=\"noopener\">\n\t\t\t\t\t\t\tarredo per asili\n\t\t\t\t\t<\/a>\n\t\t\t\t<img loading=\"lazy\" src=\"https:\/\/www.gonzagarredi.com\/wp-content\/uploads\/2021\/09\/home-nidi-infanzia.jpg\" alt=\"Arredamento nidi e scuola infanzia\" itemprop=\"image\" height=\"861\" width=\"672\" title=\"home-nidi-infanzia\" onerror=\"this.style.display='none'\"  \/>\n\t\t\t\t<img loading=\"lazy\" src=\"https:\/\/www.gonzagarredi.com\/wp-content\/uploads\/2021\/05\/torino_pascoli_-1.png\" alt=\"torino_pascoli_-1\" itemprop=\"image\" height=\"861\" width=\"672\" title=\"torino_pascoli_-1\" onerror=\"this.style.display='none'\"  \/>\n<p>COMPAGNIA DI SAN PAOLO \/ A. GUERMANI<\/p>\n<h3>\n\t\tScuole Primarie e Secondarie\n\t<\/h3>\n\t<p>Arredamenti progettati per creare ambienti funzionali nelle scuole dell&#8217;obbligo. Soluzioni di <strong><a href=\"https:\/\/gonzagarredi.com\/it\/azienda\/servizi\/\" title=\"Arredi piano scuola 4.0\">arredi per il piano scuola 4.0<\/a><\/strong>.<\/p>\n\t\t\t<a href=\"https:\/\/www.gonzagarredi.com\/it\/progetti\/scuole-primarie-e-secondarie\/\" target=\"_self\" role=\"button\" rel=\"noopener\">\n\t\t\t\t\t\t\tarredo scuole\n\t\t\t\t\t<\/a>\n<h3>\n\t\tBiblioteche e Centri Culturali\n\t<\/h3>\n\t<p>GAM produce scaffali biblioteca e arredi per biblioteche multifunzionali per gli edifici destinati a centri culturali e di lettura: banchi prestito, scaffali, espositori, contenitori, tavoli e sedute.<\/p>\n\t\t\t<a href=\"https:\/\/www.gonzagarredi.com\/it\/progetti\/arredi-e-scaffali-per-biblioteche\/\" target=\"_self\" role=\"button\" rel=\"noopener\">\n\t\t\t\t\t\t\tarredo per Biblioteche\n\t\t\t\t\t<\/a>\n\t\t\t\t<img loading=\"lazy\" src=\"https:\/\/www.gonzagarredi.com\/wp-content\/uploads\/2021\/10\/home-biblioteca-2.jpg\" alt=\"Biblioteche e centri culturali\" itemprop=\"image\" height=\"861\" width=\"672\" title=\"home-biblioteca-2\" onerror=\"this.style.display='none'\"  \/>\n\t\t\t\t<img loading=\"lazy\" src=\"https:\/\/www.gonzagarredi.com\/wp-content\/uploads\/2021\/12\/home-montessori-1.jpg\" alt=\"Arredi e Materiale Montessori\" itemprop=\"image\" height=\"861\" width=\"672\" title=\"home-montessori-1\" onerror=\"this.style.display='none'\"  \/>\n<h3>\n\t\tArredi e Materiale Montessori\n\t<\/h3>\n\t<p>GAM rappresenta la storia stessa del <strong>Materiale Montessori<\/strong>, non solo perch\u00e8 si afferma nel paese di Maria Montessori, ma anche perch\u00e8 proprio con la collaborazione della nostra azienda (allora &#8220;Ernesto Bassoli e Figli&#8221; e poi &#8220;Societ\u00e0 Anonima per il Materiale Montessori&#8221;) Maria Montessori produsse i primi materiali. GAM \u00e8 oggi una delle tre aziende a livello mondiale i cui materiali sono approvati dall&#8217;<strong>AMI<\/strong>\u00a0<a href=\"https:\/\/www.montessori-ami.org\/\" target=\"_blank\" rel=\"noopener noreferrer\">(Association Montessori Internationale )<\/a><\/p>\n\t\t\t<a href=\"https:\/\/shop.gonzagarredi.com\/it\/materiale-montessori\/\" target=\"_self\" role=\"button\" rel=\"noopener\">\n\t\t\t\t\t\t\tAcquista ora\n\t\t\t\t\t<\/a>\n\t\t\t\t<img loading=\"lazy\" src=\"https:\/\/www.gonzagarredi.com\/wp-content\/uploads\/2021\/05\/quotes_edit.png\" alt=\"quotes_edit\" itemprop=\"image\" height=\"74\" width=\"100\" title=\"quotes_edit\" onerror=\"this.style.display='none'\"  \/>\n\t<p>Questo \u00e8 il nostro compito nei confronti del bambino: gettare un raggio di luce e proseguire il nostro cammino.<\/p>\n<h4>\n\t\tMaria Montessori\n\t<\/h4>\n\t<p>shop<\/p>\n<h3>\n\t\tAlcuni dei nostri prodotti\n\t<\/h3>\n\t<p>Gonzagarredi ha arredato migliaia di asili nido e scuole dell&#8217;infanzia, scuole dell&#8217;obbligo e biblioteche di ogni titolarit\u00e0, in Italia e nel mondo.<\/p>\n<p>I prodotti GAM sono conformi alle norme tecniche del settore. Sono testatati per sicurezza, resistenza e non tossicit\u00e0.<\/p>\n\t\t\t<a href=\"https:\/\/shop.gonzagarredi.com\/it\/\" target=\"_self\" role=\"button\" rel=\"noopener\">\n\t\t\t\t\t\t\tScopri i nostri prodotti\n\t\t\t<\/a>\n\t\t\t\t<img loading=\"lazy\" src=\"https:\/\/www.gonzagarredi.com\/wp-content\/uploads\/2021\/05\/quotes_edit.png\" alt=\"quotes_edit\" itemprop=\"image\" height=\"74\" width=\"100\" title=\"quotes_edit\" onerror=\"this.style.display='none'\"  \/>\n\t<p>Per aiutare un bambino, dobbiamo fornirgli un ambiente che gli consenta di svilupparsi liberamente.<\/p>\n<h4>\n\t\tMaria Montessori\n\t<\/h4>\n\t<p>progetti<\/p>\n<h3>\n\t\tAlcune delle nostre realizzazioni\n\t<\/h3>\n\t<p>I nostri arredi, dal design italiano, sono sicuri, costruiti con materiali e finiture di prima qualit\u00e0 e conformi alle norme tecniche europee pi\u00f9 severe (EN).<\/p>\n\t\t\t<a href=\"https:\/\/www.gonzagarredi.com\/it\/progetti\/\" target=\"_self\" role=\"button\" rel=\"noopener\">\n\t\t\t\t\t\t\tScopri tutte le realizzazioni\n\t\t\t\t\t<\/a>\n<h2>\n\t\tGuastalla Iride\n\t<\/h2>\n<h4>\n\t\t<a href=\"https:\/\/www.gonzagarredi.com\/it\/progetti\/nidi-e-scuole-per-linfanzia\/guastalla-iride\/\" title=\"Scopri il progetto\" target=\"_self\" rel=\"noopener\">\n\t\tScopri il progetto\n\t\t<\/a>\n\t<\/h4>\n<h2>\n\t\tLiceo Agnoletti\n\t<\/h2>\n<h4>\n\t\t<a href=\"https:\/\/www.gonzagarredi.com\/en\/projects\/primary-and-secondary-schools\/agnoletti\/\" title=\"Scopri il progetto\" target=\"_self\" rel=\"noopener\">\n\t\tScopri il progetto\n\t\t<\/a>\n\t<\/h4>\n<h2>\n\t\tExup\u00e9ry International School\n\t<\/h2>\n<h4>\n\t\t<a href=\"https:\/\/www.gonzagarredi.com\/it\/progetti\/nidi-e-scuole-per-linfanzia\/pinki-exupery-kindergarten\/\" title=\"Scopri il progetto\" target=\"_self\" rel=\"noopener\">\n\t\tScopri il progetto\n\t\t<\/a>\n\t<\/h4>\n<h2>\n\t\tToscolano Maderno\n\t<\/h2>\n<h4>\n\t\t<a href=\"https:\/\/www.gonzagarredi.com\/it\/progetti\/arredi-per-biblioteche-scaffali-biblioteca\/toscolano-maderno-rosmini\/\" title=\"Scopri il progetto\" target=\"_self\" rel=\"noopener\">\n\t\tScopri il progetto\n\t\t<\/a>\n\t<\/h4>\n<h2>\n\t\tUniversit\u00e0 Padova\n\t<\/h2>\n<h4>\n\t\t<a href=\"https:\/\/www.gonzagarredi.com\/it\/progetti\/arredi-per-biblioteche-scaffali-biblioteca\/padova-universita\/\" title=\"Scopri il progetto\" target=\"_self\" rel=\"noopener\">\n\t\tScopri il progetto\n\t\t<\/a>\n\t<\/h4>\n<h2>\n\t\tBABYLIFE\n\t<\/h2>\n<h4>\n\t\t<a href=\"https:\/\/www.gonzagarredi.com\/it\/progetti\/nidi-e-scuole-per-linfanzia\/milano-baby-life\/\" title=\"Scopri il progetto\" target=\"_self\" rel=\"noopener\">\n\t\tScopri il progetto\n\t\t<\/a>\n\t<\/h4>\n\t<p>azienda<\/p>\n<h3>\n\t\tPerch\u00e8 scegliere GAM?\n\t<\/h3>\n\tDal 1925 l&#8217;azienda progetta, produce e commercializza soluzioni innovative e personalizzate per nidi, scuole<br \/>\ndell&#8217;infanzia, scuole, biblioteche e centri culturali.\n<h4>\n\t\tProgetti innovativi\n\t<\/h4>\n\t<p>Il nostro Ufficio Ricerca &amp; Sviluppo, con la consulenza di esperti nei vari settori, lavora costantemente al perfezionamento tecnico e al rinnovo stilistico di linee e prodotti.<\/p>\n<h5>\n\t\t<a href=\"https:\/\/www.gonzagarredi.com\/it\/progetti\/\" title=\"Scopri le realizzazioni\" target=\"_self\" rel=\"noopener\">\n\t\tScopri le realizzazioni\n\t\t<\/a>\n\t<\/h5>\n<h4>\n\t\tSoluzioni personalizzate\n\t<\/h4>\n\t<p>Garanzia pluriennale e assistenza post-vendita. Certificazioni aziendali e di prodotto, a garanzia della sicurezza. Layout progettuali e arredi personalizzati. Consulenza tecnica e pedagogica.<\/p>\n<h5>\n\t\t<a href=\"https:\/\/www.gonzagarredi.com\/it\/azienda\/servizi\/\" title=\"Scopri i nostri servizi\" target=\"_self\" rel=\"noopener\">\n\t\tScopri i nostri servizi\n\t\t<\/a>\n\t<\/h5>\n<h4>\n\t\tApproccio pedagogico\n\t<\/h4>\n\t<p>Le\u00a0<strong>soluzioni offerte sono personalizzate<\/strong>\u00a0in base alle esigenze del cliente: dal primo contatto al montaggio degli arredi, Gonzagarredi\u00a0segue i suoi clienti in ogni momento.<\/p>\n<h5>\n\t\t<a href=\"https:\/\/www.gonzagarredi.com\/it\/azienda\/il-nostro-approccio\/\" title=\"Scopri il nostro approccio\" target=\"_self\" rel=\"noopener\">\n\t\tScopri il nostro approccio\n\t\t<\/a>\n\t<\/h5>\n<h4>\n\t\tProdotti di alta qualit\u00e0\n\t<\/h4>\n\t<p>I nostri arredi, dal design italiano, sono sicuri, costruiti con materiali e finiture di prima qualit\u00e0 e conformi alle norme tecniche europee pi\u00f9 severe (EN).<\/p>\n<h5>\n\t\t<a href=\"https:\/\/www.gonzagarredi.com\/it\/azienda\/certificazioni\/\" title=\"Scopri le certificazioni\" target=\"_self\" rel=\"noopener\">\n\t\tScopri le certificazioni\n\t\t<\/a>\n\t<\/h5>\n\t<iframe loading=\"lazy\" width=\"1723\" height=\"675\" src=\"https:\/\/www.youtube.com\/embed\/xQqnmvYR-PA\" title=\"YouTube video player\" frameborder=\"0\" allow=\"accelerometer; autoplay; clipboard-write; encrypted-media; gyroscope; picture-in-picture\" allowfullscreen><\/iframe>\n\t<p>news<\/p>\n<h3>\n\t\tNovit\u00e0 dal mondo GAM\n\t<\/h3>\n\t<p>Leggi le notizie pi\u00f9 importanti sul\u00a0mondo\u00a0della\u00a0scuola e sulle iniziative GAM<\/p>\n                                                    <img src=\"https:\/\/www.gonzagarredi.com\/wp-content\/uploads\/2024\/02\/blog-biblioteca-480x460.jpg\" alt=\"Libreria Scolastica: Promuovere un Ambiente Educativo Funzionale e Accogliente\" title=\"Libreria Scolastica: Promuovere un Ambiente Educativo Funzionale e Accogliente\"\/>\n                        28 Febbraio 2024\n                        <h3>Libreria Scolastica: Promuovere un Ambiente Educativo Funzionale e Accogliente<\/h3>\n                        <a href=\"https:\/\/www.gonzagarredi.com\/it\/blog\/biblioteche\/libreria-scolastica\/\">Leggi l&#8217;articolo<\/a>\n                                                    <img src=\"https:\/\/www.gonzagarredi.com\/wp-content\/uploads\/2023\/06\/arredo-scolastico-anteprima-480x460.jpg\" alt=\"Come scegliere l'arredo scolastico perfetto per le scuole elementari\" title=\"Come scegliere l'arredo scolastico perfetto per le scuole elementari\"\/>\n                        19 Giugno 2023\n                        <h3>Come scegliere l&#8217;arredo scolastico perfetto per le scuole elementari<\/h3>\n                        <a href=\"https:\/\/www.gonzagarredi.com\/it\/blog\/arredo-scolastico\/\">Leggi l&#8217;articolo<\/a>\n                                                    <img src=\"https:\/\/www.gonzagarredi.com\/wp-content\/uploads\/2023\/03\/arredi-scolastici-innovativi-anterpima-480x460.jpg\" alt=\"Arredi scolastici innovativi: soluzioni su misura\" title=\"Arredi scolastici innovativi: soluzioni su misura\"\/>\n                        06 Aprile 2023\n                        <h3>Arredi scolastici innovativi: soluzioni su misura<\/h3>\n                        <a href=\"https:\/\/www.gonzagarredi.com\/it\/blog\/arredi-scolastici-innovativi\/\">Leggi l&#8217;articolo<\/a>\n                                                    <img src=\"https:\/\/www.gonzagarredi.com\/wp-content\/uploads\/2023\/03\/arredo-scuola-infanzia-anteprima.jpg\" alt=\"Arredo Scuola dell'Infanzia\" title=\"Arredo Scuola dell'Infanzia\"\/>\n                        21 Marzo 2023\n                        <h3>Arredo Scuola dell&#8217;Infanzia<\/h3>\n                        <a href=\"https:\/\/www.gonzagarredi.com\/it\/blog\/arredo-scuola-infanzia\/\">Leggi l&#8217;articolo<\/a>\n                                                    <img src=\"https:\/\/www.gonzagarredi.com\/wp-content\/uploads\/2023\/03\/biblioteche-scolastiche-anteprima.jpg\" alt=\"Il ruolo delle Biblioteche Scolastiche nell'istruzione\" title=\"Il ruolo delle Biblioteche Scolastiche nell'istruzione\"\/>\n                        17 Marzo 2023\n                        <h3>Il ruolo delle Biblioteche Scolastiche nell&#8217;istruzione<\/h3>\n                        <a href=\"https:\/\/www.gonzagarredi.com\/it\/blog\/biblioteche-scolastiche\/\">Leggi l&#8217;articolo<\/a>\n                                                    <img src=\"https:\/\/www.gonzagarredi.com\/wp-content\/uploads\/2023\/03\/Arredamento-asili-anterpima-480x460.jpg\" alt=\"Arredamento asili: come scegliere i mobili adatti per i bambini\" title=\"Arredamento asili: come scegliere i mobili adatti per i bambini\"\/>\n                        06 Marzo 2023\n                        <h3>Arredamento asili: come scegliere i mobili adatti per i bambini<\/h3>\n                        <a href=\"https:\/\/www.gonzagarredi.com\/it\/blog\/arredamento-asili\/\">Leggi l&#8217;articolo<\/a>\n                                                    <img src=\"https:\/\/www.gonzagarredi.com\/wp-content\/uploads\/2023\/02\/arredo-scuola-anteprima-480x460.jpg\" alt=\"Arredo Scuola: L'importanza dell'ambiente scolastico per un apprendimento di qualit\u00e0\" title=\"Arredo Scuola: L'importanza dell'ambiente scolastico per un apprendimento di qualit\u00e0\"\/>\n                        16 Febbraio 2023\n                        <h3>Arredo Scuola: L&#8217;importanza dell&#8217;ambiente scolastico per un apprendimento di qualit\u00e0<\/h3>\n                        <a href=\"https:\/\/www.gonzagarredi.com\/it\/blog\/arredo-scuola-apprendimento\/\">Leggi l&#8217;articolo<\/a>\n                                                    <img src=\"https:\/\/www.gonzagarredi.com\/wp-content\/uploads\/2023\/02\/arredo-scolastico-design-anteprima.jpg\" alt=\"Perch\u00e8 scegliere l'arredo scolastico di design?\" title=\"Perch\u00e8 scegliere l'arredo scolastico di design?\"\/>\n                        16 Febbraio 2023\n                        <h3>Perch\u00e8 scegliere l&#8217;arredo scolastico di design?<\/h3>\n                        <a href=\"https:\/\/www.gonzagarredi.com\/it\/blog\/arredo-scolastico-di-design\/\">Leggi l&#8217;articolo<\/a>\n                                                    <img src=\"https:\/\/www.gonzagarredi.com\/wp-content\/uploads\/2023\/02\/tavoli-scolastici-sedie-per-studenti-anteprima-1-480x460.jpg\" alt=\"Armadietti per la scuola e Librerie per Studenti\" title=\"Armadietti per la scuola e Librerie per Studenti\"\/>\n                        16 Gennaio 2023\n                        <h3>Armadietti per la scuola e Librerie per Studenti<\/h3>\n                        <a href=\"https:\/\/www.gonzagarredi.com\/it\/blog\/armadietti-scuola-librerie-per-studenti\/\">Leggi l&#8217;articolo<\/a>\n                                                    <img src=\"https:\/\/www.gonzagarredi.com\/wp-content\/uploads\/2023\/02\/tavoli-scolastici-sedie-per-studenti-anteprima-480x460.jpg\" alt=\"Soluzioni di tavoli scolastici e sedie per studenti\" title=\"Soluzioni di tavoli scolastici e sedie per studenti\"\/>\n                        16 Novembre 2022\n                        <h3>Soluzioni di tavoli scolastici e sedie per studenti<\/h3>\n                        <a href=\"https:\/\/www.gonzagarredi.com\/it\/blog\/tavoli-scolastici-sedie-per-studenti\/\">Leggi l&#8217;articolo<\/a>\n<h3>\n\t\tMeMo\n\t<\/h3>\n\t<p>Nella sede GAM di via Leone XIII n. 7 a Gonzaga (MN) \u00e8 stato allestito il\u00a0<strong>Museo Montessori &#8211; MEMO<\/strong>, nel quale sono esposti i primi materiali didattici ideati dalla grande pedagogista Maria Montessori.<\/p>\n<h5>\n\t\t<a href=\"https:\/\/www.gonzagarredi.com\/it\/memo\/\" title=\"scopri memo\" target=\"_self\" rel=\"noopener\">\n\t\tscopri memo\n\t\t<\/a>\n\t<\/h5>\n\t\t\t<a href=\"https:\/\/www.gonzagarredi.com\/it\/memo\/#form-memo-id-container\" target=\"_self\" role=\"button\" rel=\"noopener\">\n\t\t\t\t\t\t\tPrenota una visita\n\t\t\t\t\t<\/a>\n\t<p>cataloghi<\/p>\n<h3>\n\t\tTutti i prodotti per l&#8217;arredamento di asili, scuole e biblioteche\n\t<\/h3>\n\t<p>Immaginiamo e costruiamo ambienti di apprendimento aperti, interconnessi e creativi.<\/p>\n\t\t\t<a href=\"https:\/\/www.gonzagarredi.com\/it\/azienda\/cataloghi\/\" target=\"_self\" role=\"button\" rel=\"noopener\">\n\t\t\t\t\t\t\tScopri i nostri cataloghi\n\t\t\t\t\t<\/a>\n\n","protected":false},"excerpt":{"rendered":"<p>chi siamo Arredamento Scuola, nido e biblioteca Dal 1975 progettiamo soluzioni personalizzate di arredo per asili, scuole, biblioteche e centri culturali e produciamo materiale educativo Montessori con la supervisione e l&#8217;approvazione dell&#8217;Association Montessori Internationale. Scopri le nostre soluzioni Nidi e Scuole per l&#8217;infanzia L&#8217;arredamento dello spazio nei nidi e nelle scuole dell&#8217;infanzia. Le essenze naturali [&hellip;]<\/p>\n","protected":false},"author":1,"featured_media":0,"parent":0,"menu_order":0,"comment_status":"closed","ping_status":"closed","template":"templates\/template-homepage.php","meta":[],"acf":[],"_links":{"self":[{"href":"https:\/\/www.gonzagarredi.com\/it\/wp-json\/wp\/v2\/pages\/5"}],"collection":[{"href":"https:\/\/www.gonzagarredi.com\/it\/wp-json\/wp\/v2\/pages"}],"about":[{"href":"https:\/\/www.gonzagarredi.com\/it\/wp-json\/wp\/v2\/types\/page"}],"author":[{"embeddable":true,"href":"https:\/\/www.gonzagarredi.com\/it\/wp-json\/wp\/v2\/users\/1"}],"replies":[{"embeddable":true,"href":"https:\/\/www.gonzagarredi.com\/it\/wp-json\/wp\/v2\/comments?post=5"}],"version-history":[{"count":166,"href":"https:\/\/www.gonzagarredi.com\/it\/wp-json\/wp\/v2\/pages\/5\/revisions"}],"predecessor-version":[{"id":4377,"href":"https:\/\/www.gonzagarredi.com\/it\/wp-json\/wp\/v2\/pages\/5\/revisions\/4377"}],"wp:attachment":[{"href":"https:\/\/www.gonzagarredi.com\/it\/wp-json\/wp\/v2\/media?parent=5"}],"curies":[{"name":"wp","href":"https:\/\/api.w.org\/{rel}","templated":true}]}}