{"id":4485,"date":"2024-07-26T14:42:37","date_gmt":"2024-07-26T12:42:37","guid":{"rendered":"https:\/\/www.gonzagarredi.com\/?page_id=4485"},"modified":"2024-11-13T10:51:33","modified_gmt":"2024-11-13T09:51:33","slug":"gesu-fanciullo-rosa","status":"publish","type":"page","link":"https:\/\/www.gonzagarredi.com\/it\/progetti\/nidi-e-scuole-per-l-infanzia\/gesu-fanciullo-rosa\/","title":{"rendered":"Ges\u00f9 Fanciullo Ros\u00e0"},"content":{"rendered":"\r\n<h1>\r\n\t\tGes\u00f9 Fanciullo\r\n\t<\/h1>\r\n<h2>\r\n\t\tIl giardino degli aceri negundi: nuovo spazio all&#8217;aperto 0-6\r\n\t<\/h2>\r\n\t<p>GAM trasforma gli spazi esterni di nidi e scuole dell&#8217;infanzia in luoghi educativi e di relazione. Luoghi dove i bambini si incontrano, fanno esperienze di movimento e di gioco, scoprono l&#8217;ambiente naturale e imparano a prendersene cura.<\/p>\r\n<p>Per la scuola dell&#8217;infanzia Ges\u00f9 Fanciullo di Ros\u00e0 (Vicenza) \u00e8 stato realizzato il nuovo spazio all&#8217;aperto &#8220;Il giardino degli aceri negundi&#8221;.<\/p>\r\n\t<meta itemprop=\"url\" content=\"https:\/\/www.gonzagarredi.com\/wp-content\/uploads\/2024\/07\/GAM-Scuola-Infanzia-Gesu-Fanciullo.mp4\" \/><div style=\"width: 640px;\" class=\"wp-video\"><!--[if lt IE 9]><script>document.createElement('video');<\/script><![endif]-->\n<video class=\"wp-video-shortcode\" id=\"video-4485-1\" width=\"640\" height=\"360\" preload=\"metadata\" controls=\"controls\"><source type=\"video\/mp4\" src=\"https:\/\/www.gonzagarredi.com\/wp-content\/uploads\/2024\/07\/GAM-Scuola-Infanzia-Gesu-Fanciullo.mp4?_=1\" \/><source type=\"video\/mp4\" src=\"https:\/\/www.gonzagarredi.com\/wp-content\/uploads\/2024\/07\/GAM-Scuola-Infanzia-Gesu-Fanciullo.mp4?_=1\" \/><a href=\"https:\/\/www.gonzagarredi.com\/wp-content\/uploads\/2024\/07\/GAM-Scuola-Infanzia-Gesu-Fanciullo.mp4\">https:\/\/www.gonzagarredi.com\/wp-content\/uploads\/2024\/07\/GAM-Scuola-Infanzia-Gesu-Fanciullo.mp4<\/a><\/video><\/div>\r\n<h2>\r\n\t\tL&#8217;aula verde\r\n\t<\/h2>\r\n\t<p>L&#8217;aula verde \u00e8 un luogo attrezzato per l&#8217;apprendimento all&#8217;aperto. Una superficie di legno e semplici dotazioni e arredi definiscono uno spazio polifunzionale e flessibile.<\/p>\r\n<p>Un luogo ben definito, aperto e raccolto, che sostiene la continuit\u00e0 delle esperienze educative tra ambienti interni e spazio esterno.<\/p>\r\n\t\t\t\t<img loading=\"lazy\" src=\"https:\/\/www.gonzagarredi.com\/wp-content\/uploads\/2024\/07\/Asilo-rosa-fine-Lavori-6-rid-1024x576.jpg\" alt=\"GAM Aula Verde, Scuola d'infanzia Ges\u00f9 Fanciullo Ros\u00e0\" itemprop=\"image\" height=\"576\" width=\"1024\" title=\"GAM Aula Verde, Scuola d'infanzia Ges\u00f9 Fanciullo Ros\u00e0\" onerror=\"this.style.display='none'\"  \/>\r\n<h2>\r\n\t\tIl giardino dei piccoli\r\n\t<\/h2>\r\n\t<p>Il giardino dei piccoli della scuola d&#8217;infanzia &#8220;Ges\u00f9 fanciullo&#8221; \u00e8 uno spazio adatto anche ai bambini che ancora non camminano.<\/p>\r\n<p>Superfici in legno in parte delimitate da basse protezioni danno sicurezza ai bambini che gattonano o muovono i primi passi.<\/p>\r\n<p>Piccole strutture reinterpretano, variandoli, gli oggetti disegnati da Emmi Pikler per sostenere le prime esperienze di movimento.<\/p>\r\n\t\t\t\t<img loading=\"lazy\" src=\"https:\/\/www.gonzagarredi.com\/wp-content\/uploads\/2024\/07\/Asilo-rosa-fine-Lavori-3-rid-1024x577.jpg\" alt=\"GAM Scuola d'infanzia Ges\u00f9 Fanciullo Ros\u00e0\" itemprop=\"image\" height=\"577\" width=\"1024\" title=\"GAM Scuola d'infanzia Ges\u00f9 Fanciullo Ros\u00e0\" onerror=\"this.style.display='none'\"  \/>\r\n<h2>\r\n\t\tLa piazza degli incontri\r\n\t<\/h2>\r\n\t<p>La piazza degli incontri \u00e8 accogliente e inclusiva. \u00c8 un luogo disegnato per i bambini di tutte le et\u00e0, che fa spazio anche agli adulti.<\/p>\r\n<p>Non ci sono panche, ma basi di legno a diverse altezze, non solo per sedersi. Per salirci in piedi e sdraiarsi, per giocare, leggere e riposare.<\/p>\r\n\t\t\t\t<img loading=\"lazy\" src=\"https:\/\/www.gonzagarredi.com\/wp-content\/uploads\/2024\/07\/Asilo-rosa-fine-Lavori-5-rid-1024x577.jpg\" alt=\"GAM Piazza degli incontri, Scuola d'infanzia Ges\u00f9 Fanciullo Ros\u00e0\" itemprop=\"image\" height=\"577\" width=\"1024\" title=\"GAM Piazza degli incontri, Scuola d'infanzia Ges\u00f9 Fanciullo Ros\u00e0\" onerror=\"this.style.display='none'\"  \/>\r\n\t<p><em><strong>Il giardino degli aceri negundi<\/strong> &#8211; Scuola d&#8217;infanzia Ges\u00f9 Fanciullo, Ros\u00e0 (VI)<\/em><\/p>\r\n\t<p>progetti<\/p>\r\n<h3>\r\n\t\tAltre realizzazioni\r\n\t<\/h3>\r\n\t<p>GAM ha arredato migliaia di asili nido e scuole infanzia in Italia e nel mondo.<\/p>\r\n\t\t\t<a href=\"https:\/\/www.gonzagarredi.com\/it\/progetti\/\" target=\"_self\" role=\"button\" rel=\"noopener\">\r\n\t\t\t\t\t\t\tscopri tutte le realizzazioni\r\n\t\t\t\t\t<\/a>\r\n<h2>\r\n\t\tBaby Life\r\n\t<\/h2>\r\n<h4>\r\n\t\t<a href=\"https:\/\/www.gonzagarredi.com\/it\/progetti\/nidi-e-scuole-per-linfanzia\/milano-baby-life\/\" title=\"Scopri il progetto\" target=\"_self\" rel=\"noopener\">\r\n\t\tScopri il progetto\r\n\t\t<\/a>\r\n\t<\/h4>\r\n<h2>\r\n\t\tExup\u00e9ry International School\r\n\t<\/h2>\r\n<h4>\r\n\t\t<a href=\"https:\/\/www.gonzagarredi.com\/it\/progetti\/nidi-e-scuole-per-linfanzia\/pinki-exupery-kindergarten\/\" title=\"Scopri il progetto\" target=\"_self\" rel=\"noopener\">\r\n\t\tScopri il progetto\r\n\t\t<\/a>\r\n\t<\/h4>\r\n<h2>\r\n\t\tGuastala Iride\r\n\t<\/h2>\r\n<h4>\r\n\t\t<a href=\"https:\/\/www.gonzagarredi.com\/it\/progetti\/nidi-e-scuole-per-linfanzia\/guastalla-iride\/\" title=\"Scopri il progetto\" target=\"_self\" rel=\"noopener\">\r\n\t\tScopri il progetto\r\n\t\t<\/a>\r\n\t<\/h4>\r\n<h2>\r\n\t\tMartignano\r\n\t<\/h2>\r\n<h4>\r\n\t\t<a href=\"https:\/\/www.gonzagarredi.com\/it\/progetti\/nidi-e-scuole-per-linfanzia\/martignano-nido\/\" title=\"Scopri il progetto\" target=\"_self\" rel=\"noopener\">\r\n\t\tScopri il progetto\r\n\t\t<\/a>\r\n\t<\/h4>\r\n<h2>\r\n\t\tPietraporzia\r\n\t<\/h2>\r\n<h4>\r\n\t\t<a href=\"https:\/\/www.gonzagarredi.com\/it\/progetti\/nidi-e-scuole-per-linfanzia\/frascati-pietraporzia\/\" title=\"Scopri il progetto\" target=\"_self\" rel=\"noopener\">\r\n\t\tScopri il progetto\r\n\t\t<\/a>\r\n\t<\/h4>\r\n\r\n","protected":false},"excerpt":{"rendered":"<p>Ges\u00f9 Fanciullo Il giardino degli aceri negundi: nuovo spazio all&#8217;aperto 0-6 GAM trasforma gli spazi esterni di nidi e scuole dell&#8217;infanzia in luoghi educativi e di relazione. Luoghi dove i bambini si incontrano, fanno esperienze di movimento e di gioco, scoprono l&#8217;ambiente naturale e imparano a prendersene cura. Per la scuola dell&#8217;infanzia Ges\u00f9 Fanciullo di [&hellip;]<\/p>\n","protected":false},"author":9,"featured_media":4526,"parent":406,"menu_order":0,"comment_status":"closed","ping_status":"closed","template":"templates\/template-single-project.php","meta":[],"acf":[],"_links":{"self":[{"href":"https:\/\/www.gonzagarredi.com\/it\/wp-json\/wp\/v2\/pages\/4485"}],"collection":[{"href":"https:\/\/www.gonzagarredi.com\/it\/wp-json\/wp\/v2\/pages"}],"about":[{"href":"https:\/\/www.gonzagarredi.com\/it\/wp-json\/wp\/v2\/types\/page"}],"author":[{"embeddable":true,"href":"https:\/\/www.gonzagarredi.com\/it\/wp-json\/wp\/v2\/users\/9"}],"replies":[{"embeddable":true,"href":"https:\/\/www.gonzagarredi.com\/it\/wp-json\/wp\/v2\/comments?post=4485"}],"version-history":[{"count":8,"href":"https:\/\/www.gonzagarredi.com\/it\/wp-json\/wp\/v2\/pages\/4485\/revisions"}],"predecessor-version":[{"id":4534,"href":"https:\/\/www.gonzagarredi.com\/it\/wp-json\/wp\/v2\/pages\/4485\/revisions\/4534"}],"up":[{"embeddable":true,"href":"https:\/\/www.gonzagarredi.com\/it\/wp-json\/wp\/v2\/pages\/406"}],"wp:featuredmedia":[{"embeddable":true,"href":"https:\/\/www.gonzagarredi.com\/it\/wp-json\/wp\/v2\/media\/4526"}],"wp:attachment":[{"href":"https:\/\/www.gonzagarredi.com\/it\/wp-json\/wp\/v2\/media?parent=4485"}],"curies":[{"name":"wp","href":"https:\/\/api.w.org\/{rel}","templated":true}]}}