{"id":4423,"date":"2024-07-23T08:49:58","date_gmt":"2024-07-23T06:49:58","guid":{"rendered":"https:\/\/www.gonzagarredi.com\/?page_id=4423"},"modified":"2024-07-23T09:02:03","modified_gmt":"2024-07-23T07:02:03","slug":"spazio-volta3","status":"publish","type":"page","link":"https:\/\/www.gonzagarredi.com\/it\/progetti\/arredi-e-scaffali-per-biblioteche\/spazio-volta3\/","title":{"rendered":"Biblioteca SPAZIO VOLTA3"},"content":{"rendered":"\n<h1>\n\t\tBiblioteca Lurate Caccivio\n\t<\/h1>\n<h2>\n\t\tCentro Culturale SPAZIO VOLTA3\n\t<\/h2>\n\t<p>Nel cuore di Lurate Caccivio, in provincia di Como, un ex complesso scolastico di circa 3.000 mq \u00e8 stato trasformato in un nuovo <strong>centro culturale<\/strong> polivalente: lo <strong>SPAZIO VOLTA3<\/strong>. Questo spazio innovativo e attraente si propone come luogo di socialit\u00e0 culturale, dove la <strong>biblioteca<\/strong> \u00e8 una delle tante funzioni e attivit\u00e0 incentrate sulla promozione della cultura, sulla socialit\u00e0 e sui servizi al cittadino.<\/p>\n<h3>\n\t\tIl progetto\n\t<\/h3>\n\t<p>Per modificare significativamente l&#8217;immagine dell&#8217;edificio, originariamente connotato come scuola, il progetto ha optato per interventi minimi sull&#8217;involucro esterno, recentemente rinnovato.<\/p>\n<p>L&#8217;attenzione si \u00e8 concentrata sul colore e sulle caratteristiche estetiche delle facciate, con la realizzazione di un nuovo volume architettonico di ingresso che rende l&#8217;edificio pi\u00f9 attrattivo. La facciata su strada \u00e8 stata decorata con una grafica unica, progettata dal collettivo artistico Mook, che diventa il leit-motiv visivo del <strong>centro culturale<\/strong>, sia all&#8217;interno che all&#8217;esterno.<\/p>\n\t\t\t\t<img loading=\"lazy\" src=\"https:\/\/www.gonzagarredi.com\/wp-content\/uploads\/2024\/07\/Spazio-3_1.jpg\" alt=\"GAM-biblioteca centro culturale Spazio-3\" itemprop=\"image\" height=\"495\" width=\"800\" title=\"GAM-biblioteca centro culturale Spazio-3\" onerror=\"this.style.display='none'\"  \/>\n<h3>\n\t\tLa realizzazione\n\t<\/h3>\n\t<p>Il centro culturale Spazio Volta 3 ospita:<\/p>\n<ul>\n<li>la <strong>biblioteca civica<\/strong> sviluppata su un&#8217;area di circa 1.200 mq, organizzata per aree tematiche e in open space su due livelli, con ambienti a doppia altezza e grandi vetrate che si affacciano su un piccolo giardino interno;<\/li>\n<li>una Sala Polivalente per ospitare conferenze ed eventi;<\/li>\n<li>una ludoteca<\/li>\n<li>uno spazio Day-Care per bambini ed anziani;<\/li>\n<li>uno spazio Giovani;<\/li>\n<li>una sala studio usufruibile 24 ore su 24;<\/li>\n<li>un laboratorio &#8220;Maker Lab&#8221;;<\/li>\n<li>due sale insonorizzate per ospitare chi desidera suonare musica;<\/li>\n<li>spazi per le associazioni;<\/li>\n<li>sale dedicate ad ospitare corsi;<\/li>\n<li>spazi per il co-working<\/li>\n<li>Servizi Orientagiovani e Servizi al Cittadino (come anagrafe, servizi sociali, ecc.).<\/li>\n<\/ul>\n<p>L&#8217;atrio a doppia altezza \u00e8 concepito come una &#8220;piazza&#8221; interna, utilizzabile autonomamente per eventi, conferenze e mostre.<\/p>\n\t<p><em><strong>Polo Culturale &#8220;Spazio Volta3&#8221;<\/strong>, Lurate Caccivio, Como<\/em><\/p>\n<p><em>Progettazione partecipata con Alterstudio Partner<\/em><\/p>\n\t<p>progetti<\/p>\n<h3>\n\t\tAltre realizzazioni\n\t<\/h3>\n\t<p>Il nostro Ufficio Ricerca &amp; Sviluppo, con la consulenza di esperti nei vari settori, lavora costantemente al perfezionamento tecnico e al rinnovo stilistico di linee e prodotti. Lo spazio dei centri culturali e le biblioteche parla delle scelte educative che l\u00ec si compiono e si rinnovano. Comunica significati, suggerisce comportamenti, trasmette messaggi ai bambini, ai genitori e a tutti coloro che vogliono conoscere quanto l\u00ec avviene e si propone.<\/p>\n\t\t\t<a href=\"https:\/\/www.gonzagarredi.com\/it\/progetti\/\" target=\"_self\" role=\"button\" rel=\"noopener\">\n\t\t\t\t\t\t\tscopri tutte le realizzazioni\n\t\t\t\t\t<\/a>\n<h2>\n\t\tToscolano Maderno\n\t<\/h2>\n<h4>\n\t\t<a href=\"https:\/\/www.gonzagarredi.com\/it\/progetti\/arredi-per-biblioteche-scaffali-biblioteca\/toscolano-maderno-rosmini\/\" title=\"Scopri il progetto\" target=\"_self\" rel=\"noopener\">\n\t\tScopri il progetto\n\t\t<\/a>\n\t<\/h4>\n<h2>\n\t\t<a href=\"https:\/\/www.gonzagarredi.com\/it\/progetti\/arredi-per-biblioteche-scaffali-biblioteca\/padova-universita\/\" title=\"Universit\u00e0 di Padova\" target=\"_self\" rel=\"noopener\">\n\t\tUniversit\u00e0 di Padova\n\t\t<\/a>\n\t<\/h2>\n<h4>\n\t\t<a href=\"https:\/\/www.gonzagarredi.com\/it\/progetti\/arredi-per-biblioteche-scaffali-biblioteca\/padova-universita\/\" title=\"Scopri il progetto\" target=\"_self\" rel=\"noopener\">\n\t\tScopri il progetto\n\t\t<\/a>\n\t<\/h4>\n<h2>\n\t\tBiblioteca Millepini\n\t<\/h2>\n<h4>\n\t\t<a href=\"https:\/\/www.gonzagarredi.com\/it\/progetti\/arredi-per-biblioteche-scaffali-biblioteca\/asiago-millepini\/\" title=\"Scopri il progetto\" target=\"_self\" rel=\"noopener\">\n\t\tScopri il progetto\n\t\t<\/a>\n\t<\/h4>\n<h2>\n\t\t<a href=\"https:\/\/www.gonzagarredi.com\/it\/progetti\/arredi-per-biblioteche-scaffali-biblioteca\/la-spezia-beghi\/\" title=\"Biblioteca P.M.Beghi\" target=\"_self\" rel=\"noopener\">\n\t\tBiblioteca P.M.Beghi\n\t\t<\/a>\n\t<\/h2>\n<h4>\n\t\t<a href=\"https:\/\/www.gonzagarredi.com\/it\/progetti\/arredi-per-biblioteche-scaffali-biblioteca\/la-spezia-beghi\/\" title=\"Scopri il progetto\" target=\"_self\" rel=\"noopener\">\n\t\tScopri il progetto\n\t\t<\/a>\n\t<\/h4>\n<h2>\n\t\tVez Junior\n\t<\/h2>\n<h4>\n\t\t<a href=\"https:\/\/www.gonzagarredi.com\/it\/progetti\/arredi-per-biblioteche-scaffali-biblioteca\/vez-junior\/\" title=\"Scopri il progetto\" target=\"_self\" rel=\"noopener\">\n\t\tScopri il progetto\n\t\t<\/a>\n\t<\/h4>\n\n","protected":false},"excerpt":{"rendered":"<p>Biblioteca Lurate Caccivio Centro Culturale SPAZIO VOLTA3 Nel cuore di Lurate Caccivio, in provincia di Como, un ex complesso scolastico di circa 3.000 mq \u00e8 stato trasformato in un nuovo centro culturale polivalente: lo SPAZIO VOLTA3. Questo spazio innovativo e attraente si propone come luogo di socialit\u00e0 culturale, dove la biblioteca \u00e8 una delle tante [&hellip;]<\/p>\n","protected":false},"author":9,"featured_media":4433,"parent":948,"menu_order":0,"comment_status":"closed","ping_status":"closed","template":"templates\/template-single-project.php","meta":[],"acf":[],"_links":{"self":[{"href":"https:\/\/www.gonzagarredi.com\/it\/wp-json\/wp\/v2\/pages\/4423"}],"collection":[{"href":"https:\/\/www.gonzagarredi.com\/it\/wp-json\/wp\/v2\/pages"}],"about":[{"href":"https:\/\/www.gonzagarredi.com\/it\/wp-json\/wp\/v2\/types\/page"}],"author":[{"embeddable":true,"href":"https:\/\/www.gonzagarredi.com\/it\/wp-json\/wp\/v2\/users\/9"}],"replies":[{"embeddable":true,"href":"https:\/\/www.gonzagarredi.com\/it\/wp-json\/wp\/v2\/comments?post=4423"}],"version-history":[{"count":8,"href":"https:\/\/www.gonzagarredi.com\/it\/wp-json\/wp\/v2\/pages\/4423\/revisions"}],"predecessor-version":[{"id":4459,"href":"https:\/\/www.gonzagarredi.com\/it\/wp-json\/wp\/v2\/pages\/4423\/revisions\/4459"}],"up":[{"embeddable":true,"href":"https:\/\/www.gonzagarredi.com\/it\/wp-json\/wp\/v2\/pages\/948"}],"wp:featuredmedia":[{"embeddable":true,"href":"https:\/\/www.gonzagarredi.com\/it\/wp-json\/wp\/v2\/media\/4433"}],"wp:attachment":[{"href":"https:\/\/www.gonzagarredi.com\/it\/wp-json\/wp\/v2\/media?parent=4423"}],"curies":[{"name":"wp","href":"https:\/\/api.w.org\/{rel}","templated":true}]}}