{"id":4383,"date":"2024-07-01T11:32:49","date_gmt":"2024-07-01T09:32:49","guid":{"rendered":"https:\/\/www.gonzagarredi.com\/?page_id=4383"},"modified":"2024-07-03T11:12:15","modified_gmt":"2024-07-03T09:12:15","slug":"10-anni-gam","status":"publish","type":"page","link":"https:\/\/www.gonzagarredi.com\/it\/azienda\/eventi-novita\/10-anni-gam\/","title":{"rendered":"Anniversario GAM"},"content":{"rendered":"\n\n<div class='event-info-container'>\n                <div class='event-date'>2014 - 2024<\/div>\n                <div class='event-location'>Lazise<\/div>\n             <\/div> <!-- end event info container -->\n<h1>\n\t\t10\u00b0 anniversario di GAM\n\t<\/h1>\n<h2>\n\t\tInseguire un sogno: 10 anni di Gonzagarredi Montessori\n\t<\/h2>\n<blockquote>\n<em>&#8220;Avevamo ragione a crederci. A pensare che non fosse una illusione, ma un sogno che potevamo realizzare.&#8221;<\/em>\n<\/blockquote>\n<p>S\u00ec, perch\u00e9 credere ai propri sogni non \u00e8 da tutti, ma noi di GAM abbiamo sentito di dover inseguire quel sogno. Esattamente dieci anni fa, abbiamo raccolto un tizzone che ancora ardeva per soffiarci sopra e ravvivarlo, riaccenderlo per farlo diventare fiamma, farlo diventare quello che \u00e8 GAM oggi.<\/p>\n<p>Esattamente dieci anni fa, abbiamo raccolto un tizzone che ancora ardeva per soffiarci sopra e ravvivarlo, riaccenderlo per farlo diventare fiamma, farlo diventare quello che \u00e8 GAM oggi. Il fuoco si era acceso nel <strong>1925<\/strong> quando, Maria Montessori, ospite della amica Donna Maria Maraini Guerrieri Gonzaga, sugger\u00ec l&#8217;inizio di un&#8217;<strong>attivit\u00e0 artigianale per la produzione di materiali educativi e di arredi secondo il metodo Montessori<\/strong>. Da quel primo nucleo si avvi\u00f2 e svilupp\u00f2 quindi, una realt\u00e0 produttiva che, nel 1975 da azienda privata &#8220;Baroni e Marangon&#8221; divenne societ\u00e0 cooperativa: &#8220;<strong>Gonzagarredi Soc. Coop.<\/strong>&#8220;. Quella raccolta \u00e8 una eredit\u00e0 forte, che affiancata all&#8217;esperienza e alla capacit\u00e0 produttiva e manageriale di iMilani, ha dato alla luce, negli ultimi dieci anni, a <strong>GAM<\/strong> <strong>GonzagaArredi Montessori<\/strong>. Per questo siamo qui, per questo stiamo ascoltando le parole di Alessandro, finch\u00e9 davanti ai nostri occhi scorrono le immagini del video girato per celebrare questo compleanno.<\/p>\n\t<iframe loading=\"lazy\" title=\"GAM, 10 anni 2014-2024\" width=\"500\" height=\"281\" src=\"https:\/\/www.youtube.com\/embed\/xQqnmvYR-PA?feature=oembed\" frameborder=\"0\" allow=\"accelerometer; autoplay; clipboard-write; encrypted-media; gyroscope; picture-in-picture; web-share\" referrerpolicy=\"strict-origin-when-cross-origin\" allowfullscreen><\/iframe>\n<h3>Il 10\u00b0 anniversario GAM<\/h3>\n<p>Siamo a Lazise. In previsione, un fine settimana di festa per il traguardo raggiunto. Festa, ma anche attivit\u00e0 e momenti di condivisione, per consolidare quello che \u00e8 stato costruito e far s\u00ec che sia un pilastro solido per quello che verr\u00e0.<\/p>\n<p>La cena a cui stiamo partecipando arriva dopo una giornata passata con i ragazzi di Meta Project che hanno coinvolto il team GAM e i collaboratori che ogni giorno lavorano per questa realt\u00e0: abbiamo costruito un ponte tra una dimensione, come quella della nostra squadra, e le leggi che regolano una squadra di rugby, il tutto contornato dai principi di una pratica come lo yoga. Siamo stati guidati ad una profonda analisi personale e del singolo, per arrivare a capire come una piccola forza possa muovere grandi dinamiche nel lavoro di gruppo.<\/p>\nLo sport aiuta ad esemplificare e concretizzare alcuni concetti e diversi sono stati i parallelismi tra la nostra attivit\u00e0 quotidiana ed il mondo della palla ovale.<br \/>\nSpesso tendiamo a dimenticare, nella lunghezza dei trimestri o nella matematica dei report, che quello che accade nella nostra sede non dista affatto dal lavoro monodirezionale che quindici giocatori mettono in campo per ottanta minuti: si corre per dare l&#8217;esempio, ci si aiuta alle volte anche uscendo dal proprio ruolo; il tutto non per una qualche regola di gioco, ma per il bene della squadra e del risultato.\nE poi nel rugby c&#8217;\u00e8 il terzo tempo.<br \/>\nAlziamo i calici. Ci sono momenti fatti di difficolt\u00e0, tensioni, duro lavoro; ed altri fatti per festeggiare, per celebrare il frutto della fatica. Ascoltiamo Alessandro, poi arriva il turno di Roberto Milani, CEO di GAM, un altro grande inseguitore di sogni.\nLa notte lascia spazio al giorno ed il fine settimana avanza regalandoci una seconda splendida giornata; il sole scalda il giardino di Parco Sigurt\u00e0 dove ci diamo appuntamento per una esperienza di orienteering: uno splendido connubio per noi che supportiamo un approccio educativo volto ad integrare l&#8217;ambiente esterno e la natura.<br \/>\nCrediamo davvero che lo stare all&#8217;aria supporti un processo di crescita volto all&#8217;esplorazione e alla scoperta per imparare attraverso esperienze dirette e sensoriali. E cos\u00ec come l&#8217;educazione Montessori, l&#8217;orienteering ci spinge a correre, cercare, studiare la natura ed imparare qualcosa in pi\u00f9 su noi stessi e sul nostro modo di rapportarci agli altri. Aggiungiamo il terzo tempo anche a questa attivit\u00e0, per quanto non previsto dal manuale, e la sera a cena brindiamo ancora una volta ai successi e alla squadra vincitrice dell&#8217;attivit\u00e0. Poi, come da programma, arrivano i saluti.\n\t\t\t\t<img loading=\"lazy\" src=\"https:\/\/www.gonzagarredi.com\/wp-content\/uploads\/2024\/07\/GAM-orienteering.jpg\" alt=\"GAM-orienteering\" itemprop=\"image\" height=\"720\" width=\"1280\" title=\"GAM-orienteering\" onerror=\"this.style.display='none'\"  \/>\n<p>Salutarsi alla fine di un bel momento lascia sempre un sapore amaro che \u00e8 difficile deglutire. \u00c8 la vita, come lo sport: fatichiamo per il traguardo, per festeggiare, sapendo che il giorno dopo dovremo tornare a lavorare di nuovo, in attesa della prossima conquista. Dieci anni, e adesso altri dieci.<\/p>\nTornando ripensiamo alle parole di Alessandro, a quel sorriso nel video del compleanno di GAM; il sorriso di un bambino che ha deciso di inseguire un sogno e che, per quanto corto il braccio, per quanto grande lo sforzo, quel sogno \u00e8 riuscito a toccarlo.<br \/>\nSorridiamo anche noi.\n\t<iframe loading=\"lazy\" title=\"GAM, 10 anni di successi\" width=\"500\" height=\"281\" src=\"https:\/\/www.youtube.com\/embed\/rite4NtQD5U?feature=oembed\" frameborder=\"0\" allow=\"accelerometer; autoplay; clipboard-write; encrypted-media; gyroscope; picture-in-picture; web-share\" referrerpolicy=\"strict-origin-when-cross-origin\" allowfullscreen><\/iframe>\n\n","protected":false},"excerpt":{"rendered":"<p>10\u00b0 anniversario di GAM Inseguire un sogno: 10 anni di Gonzagarredi Montessori &#8220;Avevamo ragione a crederci. A pensare che non fosse una illusione, ma un sogno che potevamo realizzare.&#8221; S\u00ec, perch\u00e9 credere ai propri sogni non \u00e8 da tutti, ma noi di GAM abbiamo sentito di dover inseguire quel sogno. Esattamente dieci anni fa, abbiamo [&hellip;]<\/p>\n","protected":false},"author":9,"featured_media":4397,"parent":994,"menu_order":0,"comment_status":"closed","ping_status":"closed","template":"templates\/template-single-event.php","meta":[],"acf":[],"_links":{"self":[{"href":"https:\/\/www.gonzagarredi.com\/it\/wp-json\/wp\/v2\/pages\/4383"}],"collection":[{"href":"https:\/\/www.gonzagarredi.com\/it\/wp-json\/wp\/v2\/pages"}],"about":[{"href":"https:\/\/www.gonzagarredi.com\/it\/wp-json\/wp\/v2\/types\/page"}],"author":[{"embeddable":true,"href":"https:\/\/www.gonzagarredi.com\/it\/wp-json\/wp\/v2\/users\/9"}],"replies":[{"embeddable":true,"href":"https:\/\/www.gonzagarredi.com\/it\/wp-json\/wp\/v2\/comments?post=4383"}],"version-history":[{"count":10,"href":"https:\/\/www.gonzagarredi.com\/it\/wp-json\/wp\/v2\/pages\/4383\/revisions"}],"predecessor-version":[{"id":4416,"href":"https:\/\/www.gonzagarredi.com\/it\/wp-json\/wp\/v2\/pages\/4383\/revisions\/4416"}],"up":[{"embeddable":true,"href":"https:\/\/www.gonzagarredi.com\/it\/wp-json\/wp\/v2\/pages\/994"}],"wp:featuredmedia":[{"embeddable":true,"href":"https:\/\/www.gonzagarredi.com\/it\/wp-json\/wp\/v2\/media\/4397"}],"wp:attachment":[{"href":"https:\/\/www.gonzagarredi.com\/it\/wp-json\/wp\/v2\/media?parent=4383"}],"curies":[{"name":"wp","href":"https:\/\/api.w.org\/{rel}","templated":true}]}}