{"id":406,"date":"2021-05-21T07:49:16","date_gmt":"2021-05-21T07:49:16","guid":{"rendered":"https:\/\/gonzagarredi.com\/?page_id=406"},"modified":"2025-02-10T14:56:45","modified_gmt":"2025-02-10T13:56:45","slug":"nidi-e-scuole-per-l-infanzia","status":"publish","type":"page","link":"https:\/\/www.gonzagarredi.com\/it\/progetti\/nidi-e-scuole-per-l-infanzia\/","title":{"rendered":"Nidi e scuole per l\u2019infanzia"},"content":{"rendered":"\r\n<h1>Arredamento Nidi e Scuole per l&#8217;infanzia<\/h1>\r\n<p>L&#8217;arredamento dello spazio nei nidi e nelle scuole dell&#8217;infanzia<\/p>\r\n<p><a role=\"button\" href=\"#form\" target=\"_self\" rel=\"noopener\"> Contattaci <\/a><\/p>\r\n<h2>Progettazione Mobili e Arredi Scuola dell&#8217;Infanzia<\/h2>\r\n<p>Arredare la tua scuola dell&#8217;infanzia pu\u00f2 essere un compito impegnativo, ma non preoccuparti: GAM offre consulenza gratuita per aiutarti a\u00a0 scegliere l&#8217;arredamento giusto. Qualunque siano le tue necessit\u00e0 di arredamento, potrai acquistare i migliori mobili da asilo nido che rispettano le norme di sicurezza e forniscono ai bambini l&#8217;ambiente pi\u00f9 confortevole possibile per nuovi apprendimenti.<\/p>\r\n<p>Gli arredi per la scuola dell&#8217;infanzia parlano delle scelte pedagogiche ed educative che l\u00ec si compiono e si rinnovano. La progettazione dei mobili comunica significati, suggerisce comportamenti, trasmette messaggi ai bambini, ai genitori e a tutti coloro che vogliono conoscere quanto l\u00ec avviene e si propone. La distribuzione dello spazio e il suo allestimento ci permettono di definire se si ha cura nell&#8217;accogliere ogni giorno bambini e genitori in un luogo pensato per loro, caldo, accogliente, esteticamente bello e armonioso.<\/p>\r\n<p><strong>Le essenze naturali<\/strong> e i <strong>colori di tipo desaturo<\/strong> costituiscono una scelta intenzionale per evitare una eccessiva intrusivit\u00e0 del colore nell&#8217;esperienza percettiva dei bambini. La delicatezza delle tinte lascia spazio e voce ai colori che i bambini stessi e i loro insegnanti porteranno all&#8217;interno della struttura.<\/p>\r\n<h3>Il nostro approccio nella progettazione dei mobili e gli arredi per la scuola dell&#8217;infanzia<\/h3>\r\n<p>La cultura alta di servizi e arredi per le scuole dell&#8217;infanzia richiede che siano messe in campo in una ricerca condivisa le competenze diverse di pedagogisti, designer, produttori di arredi e materiali. Questo consente di evitare i cedimenti alle logiche del mercato, che spesso hanno portato nei servizi della prima infanzia trovate e astruserie: arredi in miniatura, o allusivi a un mondo fantastico, banalmente enfatizzato e caratterizzato da scenari convenzionali e stereotipati, attrezzature pi\u00f9 adatte a un luna park e, in particolare per i bambini pi\u00f9 piccoli, materiali di attivit\u00e0 incongrui e inutilizzabili.<\/p>\r\n<p>Un luogo abitato da bambini non \u00e8 un luogo che deve essere reso bambinesco. Un nido, inteso come luogo di vita, di continue e buone esperienze a misura di bambino, \u00e8 un luogo non caricaturale del mondo magico dell&#8217;infanzia. Per un bambino, la magia \u00e8 l&#8217;oggetto che scompare, la luce che si accende e si spegne, la propria ombra o il riflesso della propria immagine nello specchio, la pallina che corre in tante direzioni, le foglie che scricchiolano sotto le scarpe. Il bambino, nella sua quotidianit\u00e0, non ha bisogno di altre magie che non siano quelle della realt\u00e0 quotidiana che sta conoscendo. Per questo occorrono arredi belli, buoni, giusti, utili, sicuri, calibrati sulla misura e sull&#8217;agio del bambino e dell&#8217;adulto, e sulla funzione che hanno.<\/p>\r\n<p><strong>Scegli un materiale resistente per mobili, giochi e accessori.<\/strong><\/p>\r\n<p>La resistenza del materiale \u00e8 un fattore importante da considerare nella scelta di tutti gli elementi d&#8217;arredo, specialmente se sono destinati ad un&#8217;aula piena di bambini che giocano spesso con i mobili. I materiali sensibili come il legno o altre superfici devono essere resistenti a graffi e striature, mentre i giochi e gli accessori devono essere robusti per resistere a urti e cadute. Assicurati che tutto ci\u00f2 che ha contatto con i bambini sia realizzato con materiale durevole!<\/p>\r\n<p>Vuoi sapere di pi\u00f9 sulle soluzioni personalizzate per Nidi e Scuole per l&#8217;Infanzia?<\/p>\r\n<p><a role=\"button\" href=\"#form\" target=\"_self\" rel=\"noopener\"> Richiedi una consulenza <\/a><\/p>\r\n<p>progetti<\/p>\r\n<h3>Mobili e Arredi interni ed esterni per Asili nido e Scuole dell&#8217;Infanzia<\/h3>\r\n<p>Per dare forma, colore e sostanza a queste scelte di fondo \u00e8 necessaria particolare\u00a0cura a diversi caratteri ed elementi che danno forma allo spazio.<\/p>\r\n<ul>\r\n<li>Le <strong>dimensioni dello spazio<\/strong>, perch\u00e9 rispondano al bisogno di ambienti contenuti,\u00a0raccolti, che salvaguardino i bambini dal disorientamento, provocato talvolta anche\u00a0dall&#8217;eccessivo rumore e dal disordine che uno spazio troppo grande provoca.<\/li>\r\n<li>Le articolazioni dello spazio, per <strong>favorire il gioco<\/strong>\u00a0sia individuale sia in piccoli gruppi,\u00a0per sostenere l&#8217;attenzione, eliminando il pi\u00f9 possibile elementi di confusione e\u00a0di deconcentrazione, per meglio\u00a0<strong>incoraggiare<\/strong> le precoci competenze sociali dei\u00a0bambini.<\/li>\r\n<li>L&#8217;articolazione senza frammentare d\u00e0 movimento allo\u00a0<strong>spazio uniforme e\u00a0omogeneo<\/strong>, lo modula, lo rende flessibile, lo fa risuonare di significato, lo stringe e\u00a0lo allarga con intenzionalit\u00e0, in relazione alle attivit\u00e0 che vengono proposte. Opera\u00a0e suggerisce connessioni, stimola vicinanze e lontananze, crea luoghi e percorsi\u00a0differenziati sui diversi bisogni esplorativi dei bambini.<\/li>\r\n<li>I percorsi proposti all&#8217;interno degli spazi, in modo che <strong>facilitino l&#8217;andare<\/strong>\u00a0e il venire\u00a0anche autonomo dei bambini, con contiguit\u00e0 e vicinanza tra i luoghi del loro vivere\u00a0quotidiano.<\/li>\r\n<li>L&#8217;identit\u00e0 degli spazi, con l&#8217;obiettivo di renderli facilmente riconoscibili per aree di attivit\u00e0 o di esperienze facilmente leggibili, per<strong>\u00a0favorire nei bambini l&#8217;acquisizione\u00a0di una padronanza nell&#8217;orientarsi e dirigersi<\/strong>.<\/li>\r\n<li>La scelta di arredi belli e funzionali alle attivit\u00e0 che sono l\u00e0 proposte, per facilitare il <strong>libero accesso<\/strong>\u00a0dei bambino ai materiali a loro disposizione.<\/li>\r\n<\/ul>\r\n<p><a role=\"button\" href=\"https:\/\/gonzagarredi.com\/it\/progetti\/\" target=\"_self\" rel=\"noopener\"> scopri tutte le realizzazioni <\/a><\/p>\r\n<h2>BABYLIFE<\/h2>\r\n<h4><a title=\"Scopri il progetto\" href=\"https:\/\/gonzagarredi.com\/it\/progetti\/nidi-e-scuole-per-linfanzia\/milano-baby-life\/\" target=\"_self\" rel=\"noopener\"> Scopri il progetto <\/a><\/h4>\r\n<h2>Exup\u00e9ry<\/h2>\r\n<h4><a title=\"Scopri il progetto\" href=\"https:\/\/gonzagarredi.com\/it\/progetti\/nidi-e-scuole-per-linfanzia\/pinki-exupery-kindergarten\/\" target=\"_self\" rel=\"noopener\"> Scopri il progetto <\/a><\/h4>\r\n<h2>Guastala Iride<\/h2>\r\n<h4><a title=\"Scopri il progetto\" href=\"https:\/\/gonzagarredi.com\/it\/progetti\/nidi-e-scuole-per-linfanzia\/guastalla-iride\/\" target=\"_self\" rel=\"noopener\"> Scopri il progetto <\/a><\/h4>\r\n<h2>Martignano<\/h2>\r\n<h4><a title=\"Scopri il progetto\" href=\"https:\/\/gonzagarredi.com\/it\/progetti\/nidi-e-scuole-per-linfanzia\/martignano-nido\/\" target=\"_self\" rel=\"noopener\"> Scopri il progetto <\/a><\/h4>\r\n<h2>Pietraporzia<\/h2>\r\n<h4><a title=\"Scopri il progetto\" href=\"https:\/\/gonzagarredi.com\/it\/progetti\/nidi-e-scuole-per-linfanzia\/frascati-pietraporzia\/\" target=\"_self\" rel=\"noopener\"> Scopri il progetto <\/a><\/h4>\r\n<p><a name=\"form\"><\/a><\/p>\r\n<h3>Contattaci per una consulenza!<\/h3>\r\n<p>Compila il form qui sotto per maggiori informazioni o per richiedere un preventivo.<\/p>\r\n<p>&nbsp;<\/p>\r\n<div role=\"form\" class=\"wpcf7\" id=\"wpcf7-f3600-o1\" lang=\"it-IT\" dir=\"ltr\">\n<div class=\"screen-reader-response\"><p role=\"status\" aria-live=\"polite\" aria-atomic=\"true\"><\/p> <ul><\/ul><\/div>\n<form action=\"\/it\/wp-json\/wp\/v2\/pages\/406#wpcf7-f3600-o1\" method=\"post\" class=\"wpcf7-form init\" novalidate=\"novalidate\" data-status=\"init\">\n<div style=\"display: none;\">\n<input type=\"hidden\" name=\"_wpcf7\" value=\"3600\" \/>\n<input type=\"hidden\" name=\"_wpcf7_version\" value=\"5.6.2\" \/>\n<input type=\"hidden\" name=\"_wpcf7_locale\" value=\"it_IT\" \/>\n<input type=\"hidden\" name=\"_wpcf7_unit_tag\" value=\"wpcf7-f3600-o1\" \/>\n<input type=\"hidden\" name=\"_wpcf7_container_post\" value=\"0\" \/>\n<input type=\"hidden\" name=\"_wpcf7_posted_data_hash\" value=\"\" \/>\n<input type=\"hidden\" name=\"_wpcf7_recaptcha_response\" value=\"\" \/>\n<\/div>\n<div class=\"contact-form\">\n<div class=\"input-groups\">\n<div class=\"input-group input-group-name\">\n    <label>Nome*<\/label><span class=\"wpcf7-form-control-wrap\" data-name=\"your-name\"><input type=\"text\" name=\"your-name\" value=\"\" size=\"40\" class=\"wpcf7-form-control wpcf7-text wpcf7-validates-as-required\" aria-required=\"true\" aria-invalid=\"false\" placeholder=\"Inserisci il tuo nome\" \/><\/span>\n<\/div>\n<div class=\"input-group input-group-lastname\">\n    <label>Cognome*<\/label><span class=\"wpcf7-form-control-wrap\" data-name=\"your-lastname\"><input type=\"text\" name=\"your-lastname\" value=\"\" size=\"40\" class=\"wpcf7-form-control wpcf7-text wpcf7-validates-as-required\" aria-required=\"true\" aria-invalid=\"false\" placeholder=\"Inserisci il tuo cognome\" \/><\/span>\n<\/div>\n<div class=\"input-group input-group-email\">\n    <label>Email*<\/label><span class=\"wpcf7-form-control-wrap\" data-name=\"your-email\"><input type=\"email\" name=\"your-email\" value=\"\" size=\"40\" class=\"wpcf7-form-control wpcf7-text wpcf7-email wpcf7-validates-as-required wpcf7-validates-as-email\" aria-required=\"true\" aria-invalid=\"false\" placeholder=\"Inserisci il tuo indirizzo email\" \/><\/span>\n<\/div>\n<div class=\"input-group input-group-city\">\n    <label>Citt\u00e0*<\/label><span class=\"wpcf7-form-control-wrap\" data-name=\"your-city\"><input type=\"text\" name=\"your-city\" value=\"\" size=\"40\" class=\"wpcf7-form-control wpcf7-text wpcf7-validates-as-required\" aria-required=\"true\" aria-invalid=\"false\" placeholder=\"Inserisci la tua citt\u00e0\" \/><\/span>\n<\/div>\n<div class=\"input-group input-group-message\">\n    <label>Messaggio*<\/label><span class=\"wpcf7-form-control-wrap\" data-name=\"your-message\"><textarea name=\"your-message\" cols=\"40\" rows=\"10\" class=\"wpcf7-form-control wpcf7-textarea wpcf7-validates-as-required\" aria-required=\"true\" aria-invalid=\"false\" placeholder=\"Inserisci..\"><\/textarea><\/span>\n<\/div>\n<div class=\"input-group input-group-terms\">\n    <span class=\"wpcf7-form-control-wrap\" data-name=\"your-terms\"><span class=\"wpcf7-form-control wpcf7-acceptance\"><span class=\"wpcf7-list-item\"><label><input type=\"checkbox\" name=\"your-terms\" value=\"1\" aria-invalid=\"false\" \/><span class=\"wpcf7-list-item-label\">Accetto i termini e le condizioni<\/span><\/label><\/span><\/span><\/span>\n<\/div>\n<\/div>\n<p><input type=\"submit\" value=\"Invia Richiesta\" class=\"wpcf7-form-control has-spinner wpcf7-submit\" \/><\/p>\n<\/div>\n<div class=\"wpcf7-response-output\" aria-hidden=\"true\"><\/div><\/form><\/div>\r\n","protected":false},"excerpt":{"rendered":"<p>Arredamento Nidi e Scuole per l&#8217;infanzia L&#8217;arredamento dello spazio nei nidi e nelle scuole dell&#8217;infanzia Contattaci Progettazione Mobili e Arredi Scuola dell&#8217;Infanzia Arredare la tua scuola dell&#8217;infanzia pu\u00f2 essere un compito impegnativo, ma non preoccuparti: GAM offre consulenza gratuita per aiutarti a\u00a0 scegliere l&#8217;arredamento giusto. Qualunque siano le tue necessit\u00e0 di arredamento, potrai acquistare i [&hellip;]<\/p>\n","protected":false},"author":1,"featured_media":0,"parent":208,"menu_order":0,"comment_status":"closed","ping_status":"closed","template":"","meta":[],"acf":[],"_links":{"self":[{"href":"https:\/\/www.gonzagarredi.com\/it\/wp-json\/wp\/v2\/pages\/406"}],"collection":[{"href":"https:\/\/www.gonzagarredi.com\/it\/wp-json\/wp\/v2\/pages"}],"about":[{"href":"https:\/\/www.gonzagarredi.com\/it\/wp-json\/wp\/v2\/types\/page"}],"author":[{"embeddable":true,"href":"https:\/\/www.gonzagarredi.com\/it\/wp-json\/wp\/v2\/users\/1"}],"replies":[{"embeddable":true,"href":"https:\/\/www.gonzagarredi.com\/it\/wp-json\/wp\/v2\/comments?post=406"}],"version-history":[{"count":103,"href":"https:\/\/www.gonzagarredi.com\/it\/wp-json\/wp\/v2\/pages\/406\/revisions"}],"predecessor-version":[{"id":4878,"href":"https:\/\/www.gonzagarredi.com\/it\/wp-json\/wp\/v2\/pages\/406\/revisions\/4878"}],"up":[{"embeddable":true,"href":"https:\/\/www.gonzagarredi.com\/it\/wp-json\/wp\/v2\/pages\/208"}],"wp:attachment":[{"href":"https:\/\/www.gonzagarredi.com\/it\/wp-json\/wp\/v2\/media?parent=406"}],"curies":[{"name":"wp","href":"https:\/\/api.w.org\/{rel}","templated":true}]}}