{"id":1791,"date":"2021-08-15T14:50:41","date_gmt":"2021-08-15T14:50:41","guid":{"rendered":"https:\/\/gonzagarredi.com\/?page_id=1791"},"modified":"2022-02-01T10:20:43","modified_gmt":"2022-02-01T10:20:43","slug":"rosa-cusinati","status":"publish","type":"page","link":"https:\/\/www.gonzagarredi.com\/it\/progetti\/scuole-primarie-e-secondarie\/rosa-cusinati\/","title":{"rendered":"Ros\u00e0 Cusinati"},"content":{"rendered":"<h1>\n\t\tRos\u00e0 Cusinati\n\t<\/h1>\n\t<nav aria-label=\"breadcrumbs\"><p><a href=\"https:\/\/www.gonzagarredi.com\/it\/\">GAM<\/a> &#8211; <a href=\"https:\/\/www.gonzagarredi.com\/it\/progetti\/\">Cosa facciamo<\/a> &#8211; <a href=\"https:\/\/www.gonzagarredi.com\/it\/progetti\/scuole-primarie-e-secondarie\/\">Scuole primarie e secondarie<\/a> &#8211; Ros\u00e0 Cusinati<\/p><\/nav><h2>\n\t\tPolo Scolastico di Cusinati Ros\u00e0 VI\n\t<\/h2>\n\t<p>progetti<\/p>\n<h3>\n\t\tAltre realizzazioni\n\t<\/h3>\n\t<p>GAM ha arredato migliaia di scuole in Italia e nel mondo.<\/p>\n\t\t\t<a href=\"https:\/\/www.gonzagarredi.com\/it\/progetti\/\" target=\"_self\" role=\"button\" rel=\"noopener\">\n\t\t\t\t\t\t\tscopri tutte le realizzazioni\n\t\t\t\t\t<\/a>\n<h2>\n\t\tPascoli\n\t<\/h2>\n<h4>\n\t\t<a href=\"https:\/\/www.gonzagarredi.com\/it\/progetti\/scuole-primarie-e-secondarie\/torino-pascoli\/\" title=\"Scopri il progetto\" target=\"_self\" rel=\"noopener\">\n\t\tScopri il progetto\n\t\t<\/a>\n\t<\/h4>\n<h2>\n\t\tMarcelline\n\t<\/h2>\n<h4>\n\t\t<a href=\"https:\/\/www.gonzagarredi.com\/it\/progetti\/scuole-primarie-e-secondarie\/bolzano-marcelline\/\" title=\"Scopri il progetto\" target=\"_self\" rel=\"noopener\">\n\t\tScopri il progetto\n\t\t<\/a>\n\t<\/h4>\n<h2>\n\t\tBaveno Feriolo\n\t<\/h2>\n<h4>\n\t\t<a href=\"https:\/\/www.gonzagarredi.com\/it\/progetti\/scuole-primarie-e-secondarie\/baveno-feriolo\/\" title=\"Scopri il progetto\" target=\"_self\" rel=\"noopener\">\n\t\tScopri il progetto\n\t\t<\/a>\n\t<\/h4>\n<h2>\n\t\tMelzo\n\t<\/h2>\n<h4>\n\t\t<a href=\"https:\/\/www.gonzagarredi.com\/it\/progetti\/scuole-primarie-e-secondarie\/melzo-primaria\/\" title=\"Scopri il progetto\" target=\"_self\" rel=\"noopener\">\n\t\tScopri il progetto\n\t\t<\/a>\n\t<\/h4>\n<h2>\n\t\tDon L. Milani\n\t<\/h2>\n<h4>\n\t\t<a href=\"https:\/\/www.gonzagarredi.com\/it\/progetti\/scuole-primarie-e-secondarie\/melzo-primaria\/\" title=\"Scopri il progetto\" target=\"_self\" rel=\"noopener\">\n\t\tScopri il progetto\n\t\t<\/a>\n\t<\/h4>\n","protected":false},"excerpt":{"rendered":"<p>Ros\u00e0 Cusinati GAM &#8211; Cosa facciamo &#8211; Scuole primarie e secondarie &#8211; Ros\u00e0 Cusinati Polo Scolastico di Cusinati Ros\u00e0 VI progetti Altre realizzazioni GAM ha arredato migliaia di scuole in Italia e nel mondo. scopri tutte le realizzazioni Pascoli Scopri il progetto Marcelline Scopri il progetto Baveno Feriolo Scopri il progetto Melzo Scopri il progetto [&hellip;]<\/p>\n","protected":false},"author":1,"featured_media":1792,"parent":659,"menu_order":0,"comment_status":"closed","ping_status":"closed","template":"templates\/template-single-project.php","meta":[],"acf":[],"_links":{"self":[{"href":"https:\/\/www.gonzagarredi.com\/it\/wp-json\/wp\/v2\/pages\/1791"}],"collection":[{"href":"https:\/\/www.gonzagarredi.com\/it\/wp-json\/wp\/v2\/pages"}],"about":[{"href":"https:\/\/www.gonzagarredi.com\/it\/wp-json\/wp\/v2\/types\/page"}],"author":[{"embeddable":true,"href":"https:\/\/www.gonzagarredi.com\/it\/wp-json\/wp\/v2\/users\/1"}],"replies":[{"embeddable":true,"href":"https:\/\/www.gonzagarredi.com\/it\/wp-json\/wp\/v2\/comments?post=1791"}],"version-history":[{"count":4,"href":"https:\/\/www.gonzagarredi.com\/it\/wp-json\/wp\/v2\/pages\/1791\/revisions"}],"predecessor-version":[{"id":2853,"href":"https:\/\/www.gonzagarredi.com\/it\/wp-json\/wp\/v2\/pages\/1791\/revisions\/2853"}],"up":[{"embeddable":true,"href":"https:\/\/www.gonzagarredi.com\/it\/wp-json\/wp\/v2\/pages\/659"}],"wp:featuredmedia":[{"embeddable":true,"href":"https:\/\/www.gonzagarredi.com\/it\/wp-json\/wp\/v2\/media\/1792"}],"wp:attachment":[{"href":"https:\/\/www.gonzagarredi.com\/it\/wp-json\/wp\/v2\/media?parent=1791"}],"curies":[{"name":"wp","href":"https:\/\/api.w.org\/{rel}","templated":true}]}}