{"id":171,"date":"2021-05-14T07:46:43","date_gmt":"2021-05-14T07:46:43","guid":{"rendered":"https:\/\/gonzagarredi.com\/?page_id=171"},"modified":"2021-12-16T10:40:28","modified_gmt":"2021-12-16T10:40:28","slug":"il-nostro-approccio","status":"publish","type":"page","link":"https:\/\/www.gonzagarredi.com\/it\/azienda\/il-nostro-approccio\/","title":{"rendered":"Il nostro approccio"},"content":{"rendered":"\n<h1>\n\t\tIl nostro approccio\n\t<\/h1>\n<p>Progetti chiave in mano<\/p>\n\t<nav aria-label=\"breadcrumbs\"><p><a href=\"https:\/\/www.gonzagarredi.com\/it\/\">GAM<\/a> &#8211; <a href=\"https:\/\/www.gonzagarredi.com\/it\/azienda\/\">Azienda<\/a> &#8211; Il nostro approccio<\/p><\/nav><h2>\n\t\tArredi scolastici GAM\n\t<\/h2>\n\t<p>GAM offre il miglior servizio di <strong>progettazione<\/strong> del mercato, con uno studio accurato degli spazi rappresentato in planimetrie dettagliate e in immagini 3D.<\/p>\n\t\t\t\t<img loading=\"lazy\" src=\"https:\/\/www.gonzagarredi.com\/wp-content\/uploads\/2021\/10\/design.jpg\" alt=\"DESIGN GAM\" itemprop=\"image\" height=\"430\" width=\"800\" title=\"design\" onerror=\"this.style.display='none'\"  \/>\n\t<p>La vecchia scuola in cui i bambini erano educati in modo accademico poteva funzionare con le sedute fisse e le scrivanie avvitate sul pavimento. L&#8217;insegnante era di fronte agli alunni e impartiva istruzioni. Ora l&#8217;insegnante \u00e8 diventato un membro di un gruppo attivo che lavora liberamente per la classe, costruisce, cuce, tinge, gestisce tutto il materiale e gli strumenti con i ragazzi &#8230;<\/p>\n\t<p><strong>Richard Neutra, 1935<\/strong><\/p>\n\tSe \u00e8 possibile interpretare gli edifici come piccole citt\u00e0, gli edifici scolastici devono essere di gran lunga il miglior esempio. Un&#8217;area comune centrale, circondata e modellata da una periferia di entit\u00e0<br \/>\npi\u00f9 ermetiche, le aule, richiama inequivocabilmente l&#8217;immagine di uno spazio pubblico di strada o piazza accanto a una zona costruita pi\u00f9 privata.\n\t<p><strong>Herman Hertzberger, 2008<\/strong><\/p>\n\t<p>La scuola come punto di confluenza della vita culturale di una comunit\u00e0, nel senso ampio della parola cultura (&#8230;) non richiede locali fatti come scatole per immagazzinare ragazzi e insegnanti in classi separate e banchi inchiavardati.<\/p>\n\t<p><strong>Tullio De Mauro, 2007<\/strong><\/p>\n\tL&#8217;ambiente \u00e8 maestro.<br \/>\n(&#8230;) L&#8217;ambiente deve essere ricco di motivi di interesse che si prestano ad attivit\u00e0 e invitano il bambino a condurre le proprie esperienze.<br \/>\nLa scuola deve dare una sensazione di benessere ed essere arredata in rispondenza alla concezione di vita libera, individuale e sociale del bambino.\n\t<p><strong>Maria Montessori<\/strong><\/p>\n\t<p>La scuola deve diventare sempre di pi\u00f9 una &#8220;casa aperta&#8221;, il centro di una comunit\u00e0. Con la forza di questa definizione pi\u00f9 ampia deve risvegliare e favorire relazioni armoniche e democratiche tra giovani e adulti e contrastare le influenze alienanti della societ\u00e0 contemporanea.<\/p>\n\t<p><strong>Alfred Roth, 1966<\/strong><\/p>\n\t1+4 spazi educativi<br \/>\n1 rappresenta lo spazio di gruppo, l&#8217;ambiente di apprendimento polifunzionale del gruppo-classe, l&#8217;evoluzione dell&#8217;aula tradizionale che si apre alla scuola e al mondo. Un ambiente a spazi flessibili in<br \/>\ncontinuit\u00e0 con gli altri ambienti della scuola.<br \/>\n4 sono gli spazi della scuola complementari, e non pi\u00f9 subordinati, agli ambienti della didattica quotidiana. Sono l&#8217;Agor\u00e0, lo spazio informale, lo spazio individuale e lo spazio esplorazione.\n\t<p><strong>INDIRE, 2016<\/strong><\/p>\n\t<p>Servizi<\/p>\n<h3>\n\t\tSupporto in ogni fase  del progetto\n\t<\/h3>\n\t<p>GAM privilegia la progettazione partecipata di ambienti destinati alla cultura e all&#8217;infanzia, collaborando di volta in volta con i bibliotecari, gli architetti, gli educatori e gli insegnanti per creare le soluzioni migliori per ogni contesto.<\/p>\n\t\t\t<a href=\"https:\/\/www.gonzagarredi.com\/it\/azienda\/servizi\/\" target=\"_self\" role=\"button\" rel=\"noopener\">\n\t\t\t\t\t\t\tScopri i servizi\n\t\t\t<\/a>\n\t\t\t\t<img loading=\"lazy\" src=\"https:\/\/www.gonzagarredi.com\/wp-content\/uploads\/2021\/12\/cucina-bambini.jpg\" alt=\"Arredo cucina bambini\" itemprop=\"image\" height=\"884\" width=\"980\" title=\"cucina-bambini\" onerror=\"this.style.display='none'\"  \/>\n\n","protected":false},"excerpt":{"rendered":"<p>Il nostro approccio Progetti chiave in mano GAM &#8211; Azienda &#8211; Il nostro approccio Arredi scolastici GAM GAM offre il miglior servizio di progettazione del mercato, con uno studio accurato degli spazi rappresentato in planimetrie dettagliate e in immagini 3D. La vecchia scuola in cui i bambini erano educati in modo accademico poteva funzionare con [&hellip;]<\/p>\n","protected":false},"author":1,"featured_media":0,"parent":954,"menu_order":0,"comment_status":"closed","ping_status":"closed","template":"","meta":[],"acf":[],"_links":{"self":[{"href":"https:\/\/www.gonzagarredi.com\/it\/wp-json\/wp\/v2\/pages\/171"}],"collection":[{"href":"https:\/\/www.gonzagarredi.com\/it\/wp-json\/wp\/v2\/pages"}],"about":[{"href":"https:\/\/www.gonzagarredi.com\/it\/wp-json\/wp\/v2\/types\/page"}],"author":[{"embeddable":true,"href":"https:\/\/www.gonzagarredi.com\/it\/wp-json\/wp\/v2\/users\/1"}],"replies":[{"embeddable":true,"href":"https:\/\/www.gonzagarredi.com\/it\/wp-json\/wp\/v2\/comments?post=171"}],"version-history":[{"count":28,"href":"https:\/\/www.gonzagarredi.com\/it\/wp-json\/wp\/v2\/pages\/171\/revisions"}],"predecessor-version":[{"id":3086,"href":"https:\/\/www.gonzagarredi.com\/it\/wp-json\/wp\/v2\/pages\/171\/revisions\/3086"}],"up":[{"embeddable":true,"href":"https:\/\/www.gonzagarredi.com\/it\/wp-json\/wp\/v2\/pages\/954"}],"wp:attachment":[{"href":"https:\/\/www.gonzagarredi.com\/it\/wp-json\/wp\/v2\/media?parent=171"}],"curies":[{"name":"wp","href":"https:\/\/api.w.org\/{rel}","templated":true}]}}