{"id":103,"date":"2021-05-13T12:59:31","date_gmt":"2021-05-13T12:59:31","guid":{"rendered":"https:\/\/gonzagarredi.com\/?page_id=103"},"modified":"2022-03-09T14:05:31","modified_gmt":"2022-03-09T14:05:31","slug":"chi-siamo","status":"publish","type":"page","link":"https:\/\/www.gonzagarredi.com\/it\/azienda\/chi-siamo\/","title":{"rendered":"Chi siamo"},"content":{"rendered":"\n<h1>\n\t\tChi \u00e8 GAM\n\t<\/h1>\nImmaginiamo e costruiamo ambienti di apprendimento aperti, interconnessi e creativi.\n\t<nav aria-label=\"breadcrumbs\"><p><a href=\"https:\/\/www.gonzagarredi.com\/it\/\">GAM<\/a> &#8211; <a href=\"https:\/\/www.gonzagarredi.com\/it\/azienda\/\">Azienda<\/a> &#8211; Chi siamo<\/p><\/nav><h2>\n\t\tLo spazio per apprendere\n\t<\/h2>\n\t<p>Nel 1925, su indicazioni dirette della grande pedagogista\u00a0<strong>Maria Montessori<\/strong>, ospite della amica Donna Maria Maraini Guerrieri Gonzaga, a Gonzaga ha inizio un&#8217;attivit\u00e0 artigianale per la\u00a0<strong>produzione di materiali educativi e di arredi<\/strong>\u00a0secondo il metodo Montessori. Da quel primo nucleo si \u00e8 poi avviata e sviluppata una realt\u00e0 produttiva che, nel 1975, da azienda privata &#8220;Baroni e Marangon&#8221; si \u00e8 trasformata in societ\u00e0 cooperativa: &#8220;Gonzagarredi Soc. Coop.&#8221;.<\/p>\n<p>I nostri prodotti sono conformi alle pi\u00f9 recenti norme tecniche del settore in vigore.\u00a0<strong><a href=\"https:\/\/www.gonzagarredi.com\/it\/download\/gam_politicaaziendale-pdf\/?wpdmdl=1149&amp;masterkey=61657dc964db2\">Politica aziendale (pdf)<\/a><\/strong>.<\/p>\n\t\t\t\t<img loading=\"lazy\" src=\"https:\/\/www.gonzagarredi.com\/wp-content\/uploads\/2021\/11\/chi-siamo-description.png\" alt=\"chi-siamo-description\" itemprop=\"image\" height=\"704\" width=\"1090\" title=\"chi-siamo-description\" onerror=\"this.style.display='none'\"  \/>\n<h2>\n\t\tGAM GonzagArredi Montessori oggi\n\t<\/h2>\n\t<p>GonzagArredi Montessori Srl (in sigla G.A.M.) ha raccolto la tradizione della societ\u00e0 cooperativa e l&#8217;ha coniugata all&#8217;esperienza e alla capacit\u00e0 produttiva e manageriale di\u00a0<a href=\"https:\/\/www.imilani.com\/it\/\" target=\"_blank\" rel=\"noopener noreferrer\">iMilani<\/a>, azienda che ne detiene l&#8217;intera propriet\u00e0.<\/p>\n<p>GonzagArredi Montessori ha mantenuto la struttura commerciale della societ\u00e0 cooperativa e produce oggi attrezzature e mobili per bambini in asili nido, scuole dell&#8217;infanzia, arredi scolastici, mobili biblioteca, arredi per ludoteche e materiali didattici per il Metodo Montessori.<\/p>\n<p>L&#8217;azienda si avvale della collaborazione di docenti universitari, professionisti ed esperti nei diversi settori. L&#8217;efficienza produttiva, lo sviluppo di nuove linee di prodotti e la capacit\u00e0 di rispondere artigianalmente alle &#8220;personalizzazioni&#8221; richieste sono caratteristiche qualificanti per soddisfare adeguatamente le richieste di progettazione e di fornitura.<\/p>\n<p>I nostri materiali Montessori sono riconosciuti e approvati dalla\u00a0<a href=\"https:\/\/www.montessori-ami.org\/\" target=\"_blank\" rel=\"noopener noreferrer\">Association Montessori Internazionale (AMI)<\/a>, fondata da Maria Montessori, con sede in Olanda. L&#8217;accreditamento AMI \u00e8 concesso a tre aziende in tutto il mondo e Gonzagarredi \u00e8 l&#8217;unica in Italia.<\/p>\n<h2>\n\t\tBaby Life\n\t<\/h2>\n<h4>\n\t\t<a href=\"https:\/\/www.gonzagarredi.com\/it\/progetti\/nidi-e-scuole-per-linfanzia\/milano-baby-life\/\" title=\"Scopri il progetto\" target=\"_self\" rel=\"noopener\">\n\t\tScopri il progetto\n\t\t<\/a>\n\t<\/h4>\n<h2>\n\t\tExup\u00e9ry International School\n\t<\/h2>\n<h4>\n\t\t<a href=\"https:\/\/www.gonzagarredi.com\/it\/progetti\/nidi-e-scuole-per-linfanzia\/pinki-exupery-kindergarten\/\" title=\"Scopri il progetto\" target=\"_self\" rel=\"noopener\">\n\t\tScopri il progetto\n\t\t<\/a>\n\t<\/h4>\n<h2>\n\t\tGuastala Iride\n\t<\/h2>\n<h4>\n\t\t<a href=\"https:\/\/www.gonzagarredi.com\/it\/progetti\/nidi-e-scuole-per-linfanzia\/guastalla-iride\/\" title=\"Scopri il progetto\" target=\"_self\" rel=\"noopener\">\n\t\tScopri il progetto\n\t\t<\/a>\n\t<\/h4>\n<h2>\n\t\tUniversit\u00e0 di Padova\n\t<\/h2>\n<h4>\n\t\t<a href=\"https:\/\/www.gonzagarredi.com\/it\/progetti\/arredi-per-biblioteche-scaffali-biblioteca\/padova-universita\/\" title=\"Scopri il progetto\" target=\"_self\" rel=\"noopener\">\n\t\tScopri il progetto\n\t\t<\/a>\n\t<\/h4>\n<h2>\n\t\tPascoli\n\t<\/h2>\n<h4>\n\t\t<a href=\"https:\/\/www.gonzagarredi.com\/it\/progetti\/scuole-primarie-e-secondarie\/torino-pascoli\/\" title=\"Scopri il progetto\" target=\"_self\" rel=\"noopener\">\n\t\tScopri il progetto\n\t\t<\/a>\n\t<\/h4>\n<h3>\n\t\tCosa facciamo\n\t<\/h3>\n\tEsperienza, competenza, progettualit\u00e0 fanno di<br \/>\nGAM la principale azienda italiana nella ideazione e<br \/>\nnella realizzazione di arredi per servizi per l&#8217;infanzia,<br \/>\nscuole e biblioteche.\n\t<p>Ogni oggetto \u00e8 curato nella qualit\u00e0 dei materiali e dei dei agli. GAM produce anche materiali didattici per il Metodo Montessori ed \u00e8 l&#8217;unica azienda italiana accreditata dall&#8217;A.M.I.(Association Montessori Internationale).<\/p>\n<h3>\n\t\tLa nostra esperienza\n\t<\/h3>\n\t<p>I nostri tecnici specializzati si sono occupai dell&#8217;arredo di moltissime strutture pubbliche e di prestigiosi nidi aziendali. La loro grande esperienza si arricchisce da sempre della collaborazione con esperti nei vari settori che ne assicurano il costante aggiornamento sul piano tecnico.<\/p>\n\t<p>I prodotti GAM sono sottoposti a numerosi test di sicurezza, resistenza e atossicit\u00e0 in laboratori autorizzati.<\/p>\n\t\t\t\t<img loading=\"lazy\" src=\"https:\/\/www.gonzagarredi.com\/wp-content\/uploads\/2021\/05\/quotes_edit.png\" alt=\"quotes_edit\" itemprop=\"image\" height=\"74\" width=\"100\" title=\"quotes_edit\" onerror=\"this.style.display='none'\"  \/>\n\t<p>Per aiutare un bambino, dobbiamo fornirgli un ambiente che gli consenta di svilupparsi liberamente.<\/p>\n<h4>\n\t\tMaria Montessori\n\t<\/h4>\n\t<p>partnership<\/p>\n<h3>\n\t\tPartnership\n\t<\/h3>\n\t<p>GAM sviluppa la collaborazione con altri enti, associazioni, centri culturali ed in particolare con le scuole di ogni ordine e grado.<\/p>\n\t\t\t<a href=\"https:\/\/www.gonzagarredi.com\/it\/azienda\/chi-siamo\/partnership\/\" target=\"_self\" role=\"button\" rel=\"noopener\">\n\t\t\t\t\t\t\tScopri di pi\u00f9\n\t\t\t<\/a>\n\t\t\t\t<img loading=\"lazy\" src=\"https:\/\/www.gonzagarredi.com\/wp-content\/uploads\/2021\/05\/chi-siamo-partner-uno-300x172.png\" alt=\"chi-siamo-partner-uno\" itemprop=\"image\" height=\"172\" width=\"300\" title=\"chi-siamo-partner-uno\" onerror=\"this.style.display='none'\"  \/>\n\t\t\t\t<img loading=\"lazy\" src=\"https:\/\/www.gonzagarredi.com\/wp-content\/uploads\/2021\/05\/chi-siamo-partner-due.png\" alt=\"chi-siamo-partner-due\" itemprop=\"image\" height=\"234\" width=\"144\" title=\"chi-siamo-partner-due\" onerror=\"this.style.display='none'\"  \/>\n\t\t\t\t<img loading=\"lazy\" src=\"https:\/\/www.gonzagarredi.com\/wp-content\/uploads\/2021\/05\/chi-siamo-partner-tre.jpg\" alt=\"chi-siamo-partner-tre\" itemprop=\"image\" height=\"270\" width=\"119\" title=\"chi-siamo-partner-tre\" onerror=\"this.style.display='none'\"  \/>\n\n","protected":false},"excerpt":{"rendered":"<p>Chi \u00e8 GAM Immaginiamo e costruiamo ambienti di apprendimento aperti, interconnessi e creativi. GAM &#8211; Azienda &#8211; Chi siamo Lo spazio per apprendere Nel 1925, su indicazioni dirette della grande pedagogista\u00a0Maria Montessori, ospite della amica Donna Maria Maraini Guerrieri Gonzaga, a Gonzaga ha inizio un&#8217;attivit\u00e0 artigianale per la\u00a0produzione di materiali educativi e di arredi\u00a0secondo il [&hellip;]<\/p>\n","protected":false},"author":1,"featured_media":0,"parent":954,"menu_order":0,"comment_status":"closed","ping_status":"closed","template":"","meta":[],"acf":[],"_links":{"self":[{"href":"https:\/\/www.gonzagarredi.com\/it\/wp-json\/wp\/v2\/pages\/103"}],"collection":[{"href":"https:\/\/www.gonzagarredi.com\/it\/wp-json\/wp\/v2\/pages"}],"about":[{"href":"https:\/\/www.gonzagarredi.com\/it\/wp-json\/wp\/v2\/types\/page"}],"author":[{"embeddable":true,"href":"https:\/\/www.gonzagarredi.com\/it\/wp-json\/wp\/v2\/users\/1"}],"replies":[{"embeddable":true,"href":"https:\/\/www.gonzagarredi.com\/it\/wp-json\/wp\/v2\/comments?post=103"}],"version-history":[{"count":48,"href":"https:\/\/www.gonzagarredi.com\/it\/wp-json\/wp\/v2\/pages\/103\/revisions"}],"predecessor-version":[{"id":3235,"href":"https:\/\/www.gonzagarredi.com\/it\/wp-json\/wp\/v2\/pages\/103\/revisions\/3235"}],"up":[{"embeddable":true,"href":"https:\/\/www.gonzagarredi.com\/it\/wp-json\/wp\/v2\/pages\/954"}],"wp:attachment":[{"href":"https:\/\/www.gonzagarredi.com\/it\/wp-json\/wp\/v2\/media?parent=103"}],"curies":[{"name":"wp","href":"https:\/\/api.w.org\/{rel}","templated":true}]}}