{"id":1979,"date":"2021-10-15T14:50:41","date_gmt":"2021-10-15T14:50:41","guid":{"rendered":"https:\/\/gonzagarredi.com\/projects\/primary-and-secondary-schools\/rosa-cusinati\/"},"modified":"2021-11-11T10:27:41","modified_gmt":"2021-11-11T10:27:41","slug":"rosa-cusinati","status":"publish","type":"page","link":"https:\/\/www.gonzagarredi.com\/en\/projects\/primary-and-secondary-schools\/rosa-cusinati\/","title":{"rendered":"Ros\u00e0 Cusinati"},"content":{"rendered":"<h1>\n\t\tRos\u00e0 Cusinati\n\t<\/h1>\n\t<nav aria-label=\"breadcrumbs\"><p><a href=\"https:\/\/www.gonzagarredi.com\/it\/\">GAM<\/a> &#8211; <a href=\"https:\/\/www.gonzagarredi.com\/en\/projects\/\">What we do<\/a> &#8211; <a href=\"https:\/\/www.gonzagarredi.com\/en\/projects\/primary-and-secondary-schools\/\">Primary and secondary schools<\/a> &#8211; Ros\u00e0 Cusinati<\/p><\/nav><h2>\n\t\tCusinati Ros\u00e0 School\n\t<\/h2>\n\t<p>projects<\/p>\n<h3>\n\t\tSome of our projects\n\t<\/h3>\n\t<p>GAM has furnished thousands of nurseries and Primary and secondary schools in both Italy and abroad<\/p>\n\t\t\t<a href=\"https:\/\/www.gonzagarredi.com\/en\/projects\/\" target=\"_self\" role=\"button\" rel=\"noopener\">\n\t\t\t\t\t\t\tAll projects\n\t\t\t\t\t<\/a>\n<h2>\n\t\tPascoli\n\t<\/h2>\n<h4>\n\t\t<a href=\"https:\/\/www.gonzagarredi.com\/en\/projects\/primary-and-secondary-schools\/torino-pascoli\/\" title=\"Read more\" target=\"_self\" rel=\"noopener\">\n\t\tRead more\n\t\t<\/a>\n\t<\/h4>\n<h2>\n\t\tMarcelline\n\t<\/h2>\n<h4>\n\t\t<a href=\"https:\/\/www.gonzagarredi.com\/en\/projects\/primary-and-secondary-schools\/bolzano-marcelline\/\" title=\"Read more\" target=\"_self\" rel=\"noopener\">\n\t\tRead more\n\t\t<\/a>\n\t<\/h4>\n<h2>\n\t\tBaveno Feriolo\n\t<\/h2>\n<h4>\n\t\t<a href=\"https:\/\/www.gonzagarredi.com\/en\/projects\/primary-and-secondary-schools\/baveno-feriolo\/\" title=\"Read more\" target=\"_self\" rel=\"noopener\">\n\t\tRead more\n\t\t<\/a>\n\t<\/h4>\n<h2>\n\t\tMelzo\n\t<\/h2>\n<h4>\n\t\t<a href=\"https:\/\/www.gonzagarredi.com\/en\/projects\/primary-and-secondary-schools\/melzo-primaria\/\" title=\"Read more\" target=\"_self\" rel=\"noopener\">\n\t\tRead more\n\t\t<\/a>\n\t<\/h4>\n<h2>\n\t\tDon L. Milani\n\t<\/h2>\n<h4>\n\t\t<a href=\"https:\/\/www.gonzagarredi.com\/en\/projects\/primary-and-secondary-schools\/gonzaga-milani\/\" title=\"Read more\" target=\"_self\" rel=\"noopener\">\n\t\tRead more\n\t\t<\/a>\n\t<\/h4>\n","protected":false},"excerpt":{"rendered":"<p>Ros\u00e0 Cusinati GAM &#8211; What we do &#8211; Primary and secondary schools &#8211; Ros\u00e0 Cusinati Cusinati Ros\u00e0 School projects Some of our projects GAM has furnished thousands of nurseries and Primary and secondary schools in both Italy and abroad All projects Pascoli Read more Marcelline Read more Baveno Feriolo Read more Melzo Read more Don [&hellip;]<\/p>\n","protected":false},"author":1,"featured_media":1793,"parent":1963,"menu_order":0,"comment_status":"closed","ping_status":"closed","template":"templates\/template-single-project.php","meta":[],"acf":[],"_links":{"self":[{"href":"https:\/\/www.gonzagarredi.com\/en\/wp-json\/wp\/v2\/pages\/1979"}],"collection":[{"href":"https:\/\/www.gonzagarredi.com\/en\/wp-json\/wp\/v2\/pages"}],"about":[{"href":"https:\/\/www.gonzagarredi.com\/en\/wp-json\/wp\/v2\/types\/page"}],"author":[{"embeddable":true,"href":"https:\/\/www.gonzagarredi.com\/en\/wp-json\/wp\/v2\/users\/1"}],"replies":[{"embeddable":true,"href":"https:\/\/www.gonzagarredi.com\/en\/wp-json\/wp\/v2\/comments?post=1979"}],"version-history":[{"count":3,"href":"https:\/\/www.gonzagarredi.com\/en\/wp-json\/wp\/v2\/pages\/1979\/revisions"}],"predecessor-version":[{"id":2818,"href":"https:\/\/www.gonzagarredi.com\/en\/wp-json\/wp\/v2\/pages\/1979\/revisions\/2818"}],"up":[{"embeddable":true,"href":"https:\/\/www.gonzagarredi.com\/en\/wp-json\/wp\/v2\/pages\/1963"}],"wp:featuredmedia":[{"embeddable":true,"href":"https:\/\/www.gonzagarredi.com\/en\/wp-json\/wp\/v2\/media\/1793"}],"wp:attachment":[{"href":"https:\/\/www.gonzagarredi.com\/en\/wp-json\/wp\/v2\/media?parent=1979"}],"curies":[{"name":"wp","href":"https:\/\/api.w.org\/{rel}","templated":true}]}}